{"id":803,"date":"2025-12-02T09:24:46","date_gmt":"2025-12-02T08:24:46","guid":{"rendered":"https:\/\/vallaltavinicola.cat\/producte\/tast-per-a-2-persones-maridatge-vallalta\/"},"modified":"2025-12-12T14:53:11","modified_gmt":"2025-12-12T13:53:11","slug":"tast-per-a-2-persones-maridatge-vallalta","status":"publish","type":"product","link":"https:\/\/vallaltavinicola.cat\/es\/producte\/tast-per-a-2-persones-maridatge-vallalta\/","title":{"rendered":"Cata para 2 personas \u00abMaridaje Vallalta\u00bb"},"content":{"rendered":"","protected":false},"excerpt":{"rendered":"<p>Un viaje a trav\u00e9s de cuatro vinos armonizados con una selecci\u00f3n de productos artesanos de la zona. Una experiencia completa para los amantes del vino y la gastronom\u00eda que nos conecta con la tierra del Maresme.<\/p>\n<p><strong>Recibir\u00e1 el bono regalo por correo electr\u00f3nico en la direcci\u00f3n facilitada durante el proceso de compra.<\/strong><\/p>\n<p><strong>Duraci\u00f3n:<\/strong> 2 horas<br \/>\n<strong>Incluye:<\/strong> cata 4 vinos con maridaje.<\/p>\n","protected":false},"featured_media":718,"template":"","meta":{"_acf_changed":false},"product_brand":[],"product_cat":[41],"product_tag":[],"class_list":{"0":"post-803","1":"product","2":"type-product","3":"status-publish","4":"has-post-thumbnail","6":"product_cat-val-regal","8":"first","9":"instock","10":"virtual","11":"taxable","12":"purchasable","13":"product-type-simple"},"acf":[],"yoast_head":"<!-- This site is optimized with the Yoast SEO plugin v27.1.1 - https:\/\/yoast.com\/product\/yoast-seo-wordpress\/ -->\n<title>Cata para 2 personas &quot;Maridaje Vallalta&quot; - Vallalta Vin\u00edcola<\/title>\n<meta name=\"robots\" content=\"index, follow, max-snippet:-1, max-image-preview:large, max-video-preview:-1\" \/>\n<link rel=\"canonical\" href=\"https:\/\/vallaltavinicola.cat\/es\/producte\/tast-per-a-2-persones-maridatge-vallalta\/\" \/>\n<meta property=\"og:locale\" content=\"es_ES\" \/>\n<meta property=\"og:type\" content=\"article\" \/>\n<meta property=\"og:title\" content=\"Cata para 2 personas &quot;Maridaje Vallalta&quot; - Vallalta Vin\u00edcola\" \/>\n<meta property=\"og:description\" content=\"Un viaje a trav\u00e9s de cuatro vinos armonizados con una selecci\u00f3n de productos artesanos de la zona. Una experiencia completa para los amantes del vino y la gastronom\u00eda que nos conecta con la tierra del Maresme. Recibir\u00e1 el bono regalo por correo electr\u00f3nico en la direcci\u00f3n facilitada durante el proceso de compra. Duraci\u00f3n: 2 horas Incluye: cata 4 vinos con maridaje.\" \/>\n<meta property=\"og:url\" content=\"https:\/\/vallaltavinicola.cat\/es\/producte\/tast-per-a-2-persones-maridatge-vallalta\/\" \/>\n<meta property=\"og:site_name\" content=\"Vallalta Vin\u00edcola\" \/>\n<meta property=\"article:modified_time\" content=\"2025-12-12T13:53:11+00:00\" \/>\n<meta property=\"og:image\" content=\"https:\/\/vallaltavinicola.cat\/wp-content\/uploads\/2025\/12\/Tast-Vins-Vallalta-Vinicola-Sant-Pol-Idili-grafic.jpg\" \/>\n\t<meta property=\"og:image:width\" content=\"1200\" \/>\n\t<meta property=\"og:image:height\" content=\"1200\" \/>\n\t<meta property=\"og:image:type\" content=\"image\/jpeg\" \/>\n<meta name=\"twitter:card\" content=\"summary_large_image\" \/>\n<meta name=\"twitter:label1\" content=\"Tiempo de lectura\" \/>\n\t<meta name=\"twitter:data1\" content=\"1 minuto\" \/>\n<script type=\"application\/ld+json\" class=\"yoast-schema-graph\">{\"@context\":\"https:\/\/schema.org\",\"@graph\":[{\"@type\":\"WebPage\",\"@id\":\"https:\/\/vallaltavinicola.cat\/es\/producte\/tast-per-a-2-persones-maridatge-vallalta\/\",\"url\":\"https:\/\/vallaltavinicola.cat\/es\/producte\/tast-per-a-2-persones-maridatge-vallalta\/\",\"name\":\"Cata para 2 personas \\\"Maridaje Vallalta\\\" - Vallalta Vin\u00edcola\",\"isPartOf\":{\"@id\":\"https:\/\/vallaltavinicola.cat\/es\/#website\"},\"primaryImageOfPage\":{\"@id\":\"https:\/\/vallaltavinicola.cat\/es\/producte\/tast-per-a-2-persones-maridatge-vallalta\/#primaryimage\"},\"image\":{\"@id\":\"https:\/\/vallaltavinicola.cat\/es\/producte\/tast-per-a-2-persones-maridatge-vallalta\/#primaryimage\"},\"thumbnailUrl\":\"https:\/\/vallaltavinicola.cat\/wp-content\/uploads\/2025\/12\/Tast-Vins-Vallalta-Vinicola-Sant-Pol-Idili-grafic.jpg\",\"datePublished\":\"2025-12-02T08:24:46+00:00\",\"dateModified\":\"2025-12-12T13:53:11+00:00\",\"breadcrumb\":{\"@id\":\"https:\/\/vallaltavinicola.cat\/es\/producte\/tast-per-a-2-persones-maridatge-vallalta\/#breadcrumb\"},\"inLanguage\":\"es\",\"potentialAction\":[{\"@type\":\"ReadAction\",\"target\":[\"https:\/\/vallaltavinicola.cat\/es\/producte\/tast-per-a-2-persones-maridatge-vallalta\/\"]}]},{\"@type\":\"ImageObject\",\"inLanguage\":\"es\",\"@id\":\"https:\/\/vallaltavinicola.cat\/es\/producte\/tast-per-a-2-persones-maridatge-vallalta\/#primaryimage\",\"url\":\"https:\/\/vallaltavinicola.cat\/wp-content\/uploads\/2025\/12\/Tast-Vins-Vallalta-Vinicola-Sant-Pol-Idili-grafic.jpg\",\"contentUrl\":\"https:\/\/vallaltavinicola.cat\/wp-content\/uploads\/2025\/12\/Tast-Vins-Vallalta-Vinicola-Sant-Pol-Idili-grafic.jpg\",\"width\":1200,\"height\":1200},{\"@type\":\"BreadcrumbList\",\"@id\":\"https:\/\/vallaltavinicola.cat\/es\/producte\/tast-per-a-2-persones-maridatge-vallalta\/#breadcrumb\",\"itemListElement\":[{\"@type\":\"ListItem\",\"position\":1,\"name\":\"Inici\",\"item\":\"https:\/\/vallaltavinicola.cat\/es\/inicio\/\"},{\"@type\":\"ListItem\",\"position\":2,\"name\":\"Tienda\",\"item\":\"https:\/\/vallaltavinicola.cat\/es\/tienda\/\"},{\"@type\":\"ListItem\",\"position\":3,\"name\":\"Cata para 2 personas \u00abMaridaje Vallalta\u00bb\"}]},{\"@type\":\"WebSite\",\"@id\":\"https:\/\/vallaltavinicola.cat\/es\/#website\",\"url\":\"https:\/\/vallaltavinicola.cat\/es\/\",\"name\":\"Vallalta Vin\u00edcola\",\"description\":\"Artesans del vi i de la vinya de l&#039;Alt Maresme\",\"publisher\":{\"@id\":\"https:\/\/vallaltavinicola.cat\/es\/#organization\"},\"alternateName\":\"vallaltavinicola.cat\",\"potentialAction\":[{\"@type\":\"SearchAction\",\"target\":{\"@type\":\"EntryPoint\",\"urlTemplate\":\"https:\/\/vallaltavinicola.cat\/es\/?s={search_term_string}\"},\"query-input\":{\"@type\":\"PropertyValueSpecification\",\"valueRequired\":true,\"valueName\":\"search_term_string\"}}],\"inLanguage\":\"es\"},{\"@type\":\"Organization\",\"@id\":\"https:\/\/vallaltavinicola.cat\/es\/#organization\",\"name\":\"Vallalta Vin\u00edcola\",\"alternateName\":\"vallaltavinicola.cat\",\"url\":\"https:\/\/vallaltavinicola.cat\/es\/\",\"logo\":{\"@type\":\"ImageObject\",\"inLanguage\":\"es\",\"@id\":\"https:\/\/vallaltavinicola.cat\/es\/#\/schema\/logo\/image\/\",\"url\":\"https:\/\/vallaltavinicola.cat\/wp-content\/uploads\/2025\/06\/logo-vallalta-vinicola-idili-grafic.png\",\"contentUrl\":\"https:\/\/vallaltavinicola.cat\/wp-content\/uploads\/2025\/06\/logo-vallalta-vinicola-idili-grafic.png\",\"width\":550,\"height\":450,\"caption\":\"Vallalta Vin\u00edcola\"},\"image\":{\"@id\":\"https:\/\/vallaltavinicola.cat\/es\/#\/schema\/logo\/image\/\"},\"sameAs\":[\"https:\/\/www.instagram.com\/vallalta_vinicola\/\"]}]}<\/script>\n<!-- \/ Yoast SEO plugin. -->","yoast_head_json":{"title":"Cata para 2 personas \"Maridaje Vallalta\" - Vallalta Vin\u00edcola","robots":{"index":"index","follow":"follow","max-snippet":"max-snippet:-1","max-image-preview":"max-image-preview:large","max-video-preview":"max-video-preview:-1"},"canonical":"https:\/\/vallaltavinicola.cat\/es\/producte\/tast-per-a-2-persones-maridatge-vallalta\/","og_locale":"es_ES","og_type":"article","og_title":"Cata para 2 personas \"Maridaje Vallalta\" - Vallalta Vin\u00edcola","og_description":"Un viaje a trav\u00e9s de cuatro vinos armonizados con una selecci\u00f3n de productos artesanos de la zona. Una experiencia completa para los amantes del vino y la gastronom\u00eda que nos conecta con la tierra del Maresme. Recibir\u00e1 el bono regalo por correo electr\u00f3nico en la direcci\u00f3n facilitada durante el proceso de compra. Duraci\u00f3n: 2 horas Incluye: cata 4 vinos con maridaje.","og_url":"https:\/\/vallaltavinicola.cat\/es\/producte\/tast-per-a-2-persones-maridatge-vallalta\/","og_site_name":"Vallalta Vin\u00edcola","article_modified_time":"2025-12-12T13:53:11+00:00","og_image":[{"width":1200,"height":1200,"url":"https:\/\/vallaltavinicola.cat\/wp-content\/uploads\/2025\/12\/Tast-Vins-Vallalta-Vinicola-Sant-Pol-Idili-grafic.jpg","type":"image\/jpeg"}],"twitter_card":"summary_large_image","twitter_misc":{"Tiempo de lectura":"1 minuto"},"schema":{"@context":"https:\/\/schema.org","@graph":[{"@type":"WebPage","@id":"https:\/\/vallaltavinicola.cat\/es\/producte\/tast-per-a-2-persones-maridatge-vallalta\/","url":"https:\/\/vallaltavinicola.cat\/es\/producte\/tast-per-a-2-persones-maridatge-vallalta\/","name":"Cata para 2 personas \"Maridaje Vallalta\" - Vallalta Vin\u00edcola","isPartOf":{"@id":"https:\/\/vallaltavinicola.cat\/es\/#website"},"primaryImageOfPage":{"@id":"https:\/\/vallaltavinicola.cat\/es\/producte\/tast-per-a-2-persones-maridatge-vallalta\/#primaryimage"},"image":{"@id":"https:\/\/vallaltavinicola.cat\/es\/producte\/tast-per-a-2-persones-maridatge-vallalta\/#primaryimage"},"thumbnailUrl":"https:\/\/vallaltavinicola.cat\/wp-content\/uploads\/2025\/12\/Tast-Vins-Vallalta-Vinicola-Sant-Pol-Idili-grafic.jpg","datePublished":"2025-12-02T08:24:46+00:00","dateModified":"2025-12-12T13:53:11+00:00","breadcrumb":{"@id":"https:\/\/vallaltavinicola.cat\/es\/producte\/tast-per-a-2-persones-maridatge-vallalta\/#breadcrumb"},"inLanguage":"es","potentialAction":[{"@type":"ReadAction","target":["https:\/\/vallaltavinicola.cat\/es\/producte\/tast-per-a-2-persones-maridatge-vallalta\/"]}]},{"@type":"ImageObject","inLanguage":"es","@id":"https:\/\/vallaltavinicola.cat\/es\/producte\/tast-per-a-2-persones-maridatge-vallalta\/#primaryimage","url":"https:\/\/vallaltavinicola.cat\/wp-content\/uploads\/2025\/12\/Tast-Vins-Vallalta-Vinicola-Sant-Pol-Idili-grafic.jpg","contentUrl":"https:\/\/vallaltavinicola.cat\/wp-content\/uploads\/2025\/12\/Tast-Vins-Vallalta-Vinicola-Sant-Pol-Idili-grafic.jpg","width":1200,"height":1200},{"@type":"BreadcrumbList","@id":"https:\/\/vallaltavinicola.cat\/es\/producte\/tast-per-a-2-persones-maridatge-vallalta\/#breadcrumb","itemListElement":[{"@type":"ListItem","position":1,"name":"Inici","item":"https:\/\/vallaltavinicola.cat\/es\/inicio\/"},{"@type":"ListItem","position":2,"name":"Tienda","item":"https:\/\/vallaltavinicola.cat\/es\/tienda\/"},{"@type":"ListItem","position":3,"name":"Cata para 2 personas \u00abMaridaje Vallalta\u00bb"}]},{"@type":"WebSite","@id":"https:\/\/vallaltavinicola.cat\/es\/#website","url":"https:\/\/vallaltavinicola.cat\/es\/","name":"Vallalta Vin\u00edcola","description":"Artesans del vi i de la vinya de l&#039;Alt Maresme","publisher":{"@id":"https:\/\/vallaltavinicola.cat\/es\/#organization"},"alternateName":"vallaltavinicola.cat","potentialAction":[{"@type":"SearchAction","target":{"@type":"EntryPoint","urlTemplate":"https:\/\/vallaltavinicola.cat\/es\/?s={search_term_string}"},"query-input":{"@type":"PropertyValueSpecification","valueRequired":true,"valueName":"search_term_string"}}],"inLanguage":"es"},{"@type":"Organization","@id":"https:\/\/vallaltavinicola.cat\/es\/#organization","name":"Vallalta Vin\u00edcola","alternateName":"vallaltavinicola.cat","url":"https:\/\/vallaltavinicola.cat\/es\/","logo":{"@type":"ImageObject","inLanguage":"es","@id":"https:\/\/vallaltavinicola.cat\/es\/#\/schema\/logo\/image\/","url":"https:\/\/vallaltavinicola.cat\/wp-content\/uploads\/2025\/06\/logo-vallalta-vinicola-idili-grafic.png","contentUrl":"https:\/\/vallaltavinicola.cat\/wp-content\/uploads\/2025\/06\/logo-vallalta-vinicola-idili-grafic.png","width":550,"height":450,"caption":"Vallalta Vin\u00edcola"},"image":{"@id":"https:\/\/vallaltavinicola.cat\/es\/#\/schema\/logo\/image\/"},"sameAs":["https:\/\/www.instagram.com\/vallalta_vinicola\/"]}]}},"_links":{"self":[{"href":"https:\/\/vallaltavinicola.cat\/es\/wp-json\/wp\/v2\/product\/803","targetHints":{"allow":["GET"]}}],"collection":[{"href":"https:\/\/vallaltavinicola.cat\/es\/wp-json\/wp\/v2\/product"}],"about":[{"href":"https:\/\/vallaltavinicola.cat\/es\/wp-json\/wp\/v2\/types\/product"}],"wp:featuredmedia":[{"embeddable":true,"href":"https:\/\/vallaltavinicola.cat\/es\/wp-json\/wp\/v2\/media\/718"}],"wp:attachment":[{"href":"https:\/\/vallaltavinicola.cat\/es\/wp-json\/wp\/v2\/media?parent=803"}],"wp:term":[{"taxonomy":"product_brand","embeddable":true,"href":"https:\/\/vallaltavinicola.cat\/es\/wp-json\/wp\/v2\/product_brand?post=803"},{"taxonomy":"product_cat","embeddable":true,"href":"https:\/\/vallaltavinicola.cat\/es\/wp-json\/wp\/v2\/product_cat?post=803"},{"taxonomy":"product_tag","embeddable":true,"href":"https:\/\/vallaltavinicola.cat\/es\/wp-json\/wp\/v2\/product_tag?post=803"}],"curies":[{"name":"wp","href":"https:\/\/api.w.org\/{rel}","templated":true}]}}