{"id":622,"date":"2025-06-23T18:04:23","date_gmt":"2025-06-23T16:04:23","guid":{"rendered":"https:\/\/vallaltavinicola.cat\/producte\/sant-pau-24\/"},"modified":"2025-06-23T18:04:23","modified_gmt":"2025-06-23T16:04:23","slug":"sant-pau-24","status":"publish","type":"product","link":"https:\/\/vallaltavinicola.cat\/es\/producte\/sant-pau-24\/","title":{"rendered":"Sant Pau &#8217;24"},"content":{"rendered":"<ul>\n<li><strong>Vendimia y elaboraci\u00f3n<\/strong>: Vendimia seleccionando manualmente las uvas en cajas peque\u00f1as de menos de 19 kg. Fermentaci\u00f3n a temperatura controlada a 15\u00baC en dep\u00f3sito de inox de 1.000 litros, despu\u00e9s de desfangado de 36h. Un 40% termina la fermentaci\u00f3n en barrica de casta\u00f1o y roble americano. Se deja reposar todo el invierno en dep\u00f3sito de inox con las l\u00edas.<\/li>\n<li><strong>Variedad y a\u00f1ada<\/strong>: Pasa blanca 100% a\u00f1ada 2024<\/li>\n<li><strong>N\u00famero de botellas<\/strong>: 700 unidades<\/li>\n<li><strong>Viticultura <\/strong>sostenible y regenerativa sin t\u00f3xicos.<\/li>\n<li><strong>Tipo de suelo<\/strong>: Saul\u00f3 (franco-arenoso)<\/li>\n<li><strong>Grado alcoh\u00f3lico<\/strong>: 12&#8217;5% vol<\/li>\n<\/ul>\n<p>&nbsp;<\/p>\n","protected":false},"excerpt":{"rendered":"<p>El nombre de Sant Pau hace referencia a la ermita que corona una de las colinas de la villa de Sant Pol de Mar. La ermita form\u00f3 parte del monasterio cartujano donde ya antiguamente se cultivaban vi\u00f1edos y se hac\u00eda vino. Un punto maravilloso desde el que contemplar la costa del Maresme hasta Barcelona.<\/p>\n","protected":false},"featured_media":516,"template":"","meta":{"_acf_changed":false},"product_brand":[],"product_cat":[36],"product_tag":[],"class_list":{"0":"post-622","1":"product","2":"type-product","3":"status-publish","4":"has-post-thumbnail","6":"product_cat-blanco","8":"first","9":"instock","10":"taxable","11":"shipping-taxable","12":"purchasable","13":"product-type-simple"},"acf":[],"yoast_head":"<!-- This site is optimized with the Yoast SEO plugin v27.1.1 - https:\/\/yoast.com\/product\/yoast-seo-wordpress\/ -->\n<title>Sant Pau &#039;24 - Vallalta Vin\u00edcola<\/title>\n<meta name=\"robots\" content=\"index, follow, max-snippet:-1, max-image-preview:large, max-video-preview:-1\" \/>\n<link rel=\"canonical\" href=\"https:\/\/vallaltavinicola.cat\/es\/producte\/sant-pau-24\/\" \/>\n<meta property=\"og:locale\" content=\"es_ES\" \/>\n<meta property=\"og:type\" content=\"article\" \/>\n<meta property=\"og:title\" content=\"Sant Pau &#039;24 - Vallalta Vin\u00edcola\" \/>\n<meta property=\"og:description\" content=\"El nombre de Sant Pau hace referencia a la ermita que corona una de las colinas de la villa de Sant Pol de Mar. La ermita form\u00f3 parte del monasterio cartujano donde ya antiguamente se cultivaban vi\u00f1edos y se hac\u00eda vino. Un punto maravilloso desde el que contemplar la costa del Maresme hasta Barcelona.\" \/>\n<meta property=\"og:url\" content=\"https:\/\/vallaltavinicola.cat\/es\/producte\/sant-pau-24\/\" \/>\n<meta property=\"og:site_name\" content=\"Vallalta Vin\u00edcola\" \/>\n<meta property=\"og:image\" content=\"https:\/\/vallaltavinicola.cat\/wp-content\/uploads\/2025\/06\/Vins-Vallalta-Vinicola-idili-grafic-Sant-Pau.jpg\" \/>\n\t<meta property=\"og:image:width\" content=\"900\" \/>\n\t<meta property=\"og:image:height\" content=\"900\" \/>\n\t<meta property=\"og:image:type\" content=\"image\/jpeg\" \/>\n<meta name=\"twitter:card\" content=\"summary_large_image\" \/>\n<script type=\"application\/ld+json\" class=\"yoast-schema-graph\">{\"@context\":\"https:\/\/schema.org\",\"@graph\":[{\"@type\":\"WebPage\",\"@id\":\"https:\/\/vallaltavinicola.cat\/es\/producte\/sant-pau-24\/\",\"url\":\"https:\/\/vallaltavinicola.cat\/es\/producte\/sant-pau-24\/\",\"name\":\"Sant Pau '24 - Vallalta Vin\u00edcola\",\"isPartOf\":{\"@id\":\"https:\/\/vallaltavinicola.cat\/es\/#website\"},\"primaryImageOfPage\":{\"@id\":\"https:\/\/vallaltavinicola.cat\/es\/producte\/sant-pau-24\/#primaryimage\"},\"image\":{\"@id\":\"https:\/\/vallaltavinicola.cat\/es\/producte\/sant-pau-24\/#primaryimage\"},\"thumbnailUrl\":\"https:\/\/vallaltavinicola.cat\/wp-content\/uploads\/2025\/06\/Vins-Vallalta-Vinicola-idili-grafic-Sant-Pau.jpg\",\"datePublished\":\"2025-06-23T16:04:23+00:00\",\"breadcrumb\":{\"@id\":\"https:\/\/vallaltavinicola.cat\/es\/producte\/sant-pau-24\/#breadcrumb\"},\"inLanguage\":\"es\",\"potentialAction\":[{\"@type\":\"ReadAction\",\"target\":[\"https:\/\/vallaltavinicola.cat\/es\/producte\/sant-pau-24\/\"]}]},{\"@type\":\"ImageObject\",\"inLanguage\":\"es\",\"@id\":\"https:\/\/vallaltavinicola.cat\/es\/producte\/sant-pau-24\/#primaryimage\",\"url\":\"https:\/\/vallaltavinicola.cat\/wp-content\/uploads\/2025\/06\/Vins-Vallalta-Vinicola-idili-grafic-Sant-Pau.jpg\",\"contentUrl\":\"https:\/\/vallaltavinicola.cat\/wp-content\/uploads\/2025\/06\/Vins-Vallalta-Vinicola-idili-grafic-Sant-Pau.jpg\",\"width\":900,\"height\":900},{\"@type\":\"BreadcrumbList\",\"@id\":\"https:\/\/vallaltavinicola.cat\/es\/producte\/sant-pau-24\/#breadcrumb\",\"itemListElement\":[{\"@type\":\"ListItem\",\"position\":1,\"name\":\"Inici\",\"item\":\"https:\/\/vallaltavinicola.cat\/es\/inicio\/\"},{\"@type\":\"ListItem\",\"position\":2,\"name\":\"Tienda\",\"item\":\"https:\/\/vallaltavinicola.cat\/es\/tienda\/\"},{\"@type\":\"ListItem\",\"position\":3,\"name\":\"Sant Pau &#8217;24\"}]},{\"@type\":\"WebSite\",\"@id\":\"https:\/\/vallaltavinicola.cat\/es\/#website\",\"url\":\"https:\/\/vallaltavinicola.cat\/es\/\",\"name\":\"Vallalta Vin\u00edcola\",\"description\":\"Artesans del vi i de la vinya de l&#039;Alt Maresme\",\"publisher\":{\"@id\":\"https:\/\/vallaltavinicola.cat\/es\/#organization\"},\"alternateName\":\"vallaltavinicola.cat\",\"potentialAction\":[{\"@type\":\"SearchAction\",\"target\":{\"@type\":\"EntryPoint\",\"urlTemplate\":\"https:\/\/vallaltavinicola.cat\/es\/?s={search_term_string}\"},\"query-input\":{\"@type\":\"PropertyValueSpecification\",\"valueRequired\":true,\"valueName\":\"search_term_string\"}}],\"inLanguage\":\"es\"},{\"@type\":\"Organization\",\"@id\":\"https:\/\/vallaltavinicola.cat\/es\/#organization\",\"name\":\"Vallalta Vin\u00edcola\",\"alternateName\":\"vallaltavinicola.cat\",\"url\":\"https:\/\/vallaltavinicola.cat\/es\/\",\"logo\":{\"@type\":\"ImageObject\",\"inLanguage\":\"es\",\"@id\":\"https:\/\/vallaltavinicola.cat\/es\/#\/schema\/logo\/image\/\",\"url\":\"https:\/\/vallaltavinicola.cat\/wp-content\/uploads\/2025\/06\/logo-vallalta-vinicola-idili-grafic.png\",\"contentUrl\":\"https:\/\/vallaltavinicola.cat\/wp-content\/uploads\/2025\/06\/logo-vallalta-vinicola-idili-grafic.png\",\"width\":550,\"height\":450,\"caption\":\"Vallalta Vin\u00edcola\"},\"image\":{\"@id\":\"https:\/\/vallaltavinicola.cat\/es\/#\/schema\/logo\/image\/\"},\"sameAs\":[\"https:\/\/www.instagram.com\/vallalta_vinicola\/\"]}]}<\/script>\n<!-- \/ Yoast SEO plugin. -->","yoast_head_json":{"title":"Sant Pau '24 - Vallalta Vin\u00edcola","robots":{"index":"index","follow":"follow","max-snippet":"max-snippet:-1","max-image-preview":"max-image-preview:large","max-video-preview":"max-video-preview:-1"},"canonical":"https:\/\/vallaltavinicola.cat\/es\/producte\/sant-pau-24\/","og_locale":"es_ES","og_type":"article","og_title":"Sant Pau '24 - Vallalta Vin\u00edcola","og_description":"El nombre de Sant Pau hace referencia a la ermita que corona una de las colinas de la villa de Sant Pol de Mar. La ermita form\u00f3 parte del monasterio cartujano donde ya antiguamente se cultivaban vi\u00f1edos y se hac\u00eda vino. Un punto maravilloso desde el que contemplar la costa del Maresme hasta Barcelona.","og_url":"https:\/\/vallaltavinicola.cat\/es\/producte\/sant-pau-24\/","og_site_name":"Vallalta Vin\u00edcola","og_image":[{"width":900,"height":900,"url":"https:\/\/vallaltavinicola.cat\/wp-content\/uploads\/2025\/06\/Vins-Vallalta-Vinicola-idili-grafic-Sant-Pau.jpg","type":"image\/jpeg"}],"twitter_card":"summary_large_image","schema":{"@context":"https:\/\/schema.org","@graph":[{"@type":"WebPage","@id":"https:\/\/vallaltavinicola.cat\/es\/producte\/sant-pau-24\/","url":"https:\/\/vallaltavinicola.cat\/es\/producte\/sant-pau-24\/","name":"Sant Pau '24 - Vallalta Vin\u00edcola","isPartOf":{"@id":"https:\/\/vallaltavinicola.cat\/es\/#website"},"primaryImageOfPage":{"@id":"https:\/\/vallaltavinicola.cat\/es\/producte\/sant-pau-24\/#primaryimage"},"image":{"@id":"https:\/\/vallaltavinicola.cat\/es\/producte\/sant-pau-24\/#primaryimage"},"thumbnailUrl":"https:\/\/vallaltavinicola.cat\/wp-content\/uploads\/2025\/06\/Vins-Vallalta-Vinicola-idili-grafic-Sant-Pau.jpg","datePublished":"2025-06-23T16:04:23+00:00","breadcrumb":{"@id":"https:\/\/vallaltavinicola.cat\/es\/producte\/sant-pau-24\/#breadcrumb"},"inLanguage":"es","potentialAction":[{"@type":"ReadAction","target":["https:\/\/vallaltavinicola.cat\/es\/producte\/sant-pau-24\/"]}]},{"@type":"ImageObject","inLanguage":"es","@id":"https:\/\/vallaltavinicola.cat\/es\/producte\/sant-pau-24\/#primaryimage","url":"https:\/\/vallaltavinicola.cat\/wp-content\/uploads\/2025\/06\/Vins-Vallalta-Vinicola-idili-grafic-Sant-Pau.jpg","contentUrl":"https:\/\/vallaltavinicola.cat\/wp-content\/uploads\/2025\/06\/Vins-Vallalta-Vinicola-idili-grafic-Sant-Pau.jpg","width":900,"height":900},{"@type":"BreadcrumbList","@id":"https:\/\/vallaltavinicola.cat\/es\/producte\/sant-pau-24\/#breadcrumb","itemListElement":[{"@type":"ListItem","position":1,"name":"Inici","item":"https:\/\/vallaltavinicola.cat\/es\/inicio\/"},{"@type":"ListItem","position":2,"name":"Tienda","item":"https:\/\/vallaltavinicola.cat\/es\/tienda\/"},{"@type":"ListItem","position":3,"name":"Sant Pau &#8217;24"}]},{"@type":"WebSite","@id":"https:\/\/vallaltavinicola.cat\/es\/#website","url":"https:\/\/vallaltavinicola.cat\/es\/","name":"Vallalta Vin\u00edcola","description":"Artesans del vi i de la vinya de l&#039;Alt Maresme","publisher":{"@id":"https:\/\/vallaltavinicola.cat\/es\/#organization"},"alternateName":"vallaltavinicola.cat","potentialAction":[{"@type":"SearchAction","target":{"@type":"EntryPoint","urlTemplate":"https:\/\/vallaltavinicola.cat\/es\/?s={search_term_string}"},"query-input":{"@type":"PropertyValueSpecification","valueRequired":true,"valueName":"search_term_string"}}],"inLanguage":"es"},{"@type":"Organization","@id":"https:\/\/vallaltavinicola.cat\/es\/#organization","name":"Vallalta Vin\u00edcola","alternateName":"vallaltavinicola.cat","url":"https:\/\/vallaltavinicola.cat\/es\/","logo":{"@type":"ImageObject","inLanguage":"es","@id":"https:\/\/vallaltavinicola.cat\/es\/#\/schema\/logo\/image\/","url":"https:\/\/vallaltavinicola.cat\/wp-content\/uploads\/2025\/06\/logo-vallalta-vinicola-idili-grafic.png","contentUrl":"https:\/\/vallaltavinicola.cat\/wp-content\/uploads\/2025\/06\/logo-vallalta-vinicola-idili-grafic.png","width":550,"height":450,"caption":"Vallalta Vin\u00edcola"},"image":{"@id":"https:\/\/vallaltavinicola.cat\/es\/#\/schema\/logo\/image\/"},"sameAs":["https:\/\/www.instagram.com\/vallalta_vinicola\/"]}]}},"_links":{"self":[{"href":"https:\/\/vallaltavinicola.cat\/es\/wp-json\/wp\/v2\/product\/622","targetHints":{"allow":["GET"]}}],"collection":[{"href":"https:\/\/vallaltavinicola.cat\/es\/wp-json\/wp\/v2\/product"}],"about":[{"href":"https:\/\/vallaltavinicola.cat\/es\/wp-json\/wp\/v2\/types\/product"}],"wp:featuredmedia":[{"embeddable":true,"href":"https:\/\/vallaltavinicola.cat\/es\/wp-json\/wp\/v2\/media\/516"}],"wp:attachment":[{"href":"https:\/\/vallaltavinicola.cat\/es\/wp-json\/wp\/v2\/media?parent=622"}],"wp:term":[{"taxonomy":"product_brand","embeddable":true,"href":"https:\/\/vallaltavinicola.cat\/es\/wp-json\/wp\/v2\/product_brand?post=622"},{"taxonomy":"product_cat","embeddable":true,"href":"https:\/\/vallaltavinicola.cat\/es\/wp-json\/wp\/v2\/product_cat?post=622"},{"taxonomy":"product_tag","embeddable":true,"href":"https:\/\/vallaltavinicola.cat\/es\/wp-json\/wp\/v2\/product_tag?post=622"}],"curies":[{"name":"wp","href":"https:\/\/api.w.org\/{rel}","templated":true}]}}