{"id":620,"date":"2025-07-03T15:11:01","date_gmt":"2025-07-03T13:11:01","guid":{"rendered":"https:\/\/vallaltavinicola.cat\/producte\/montbrugos-22\/"},"modified":"2025-07-03T15:11:01","modified_gmt":"2025-07-03T13:11:01","slug":"montbrugos-22","status":"publish","type":"product","link":"https:\/\/vallaltavinicola.cat\/es\/producte\/montbrugos-22\/","title":{"rendered":"Montbrug\u00f3s &#8217;22"},"content":{"rendered":"<ul>\n<li><strong>Vendimia y elaboraci\u00f3n<\/strong>: vendimia seleccionando manualmente las uvas en cajas peque\u00f1as de 19 kg. Maceraci\u00f3n en fr\u00edo de 48h y maceraci\u00f3n con pieles durante 8 d\u00edas m\u00e1s a 24 \u00baC<br \/>\nCrianza con barricas de roble franc\u00e9s de 225 litros durante 8 meses (mitad bota nueva mitad usada) en c\u00e1mara de temperatura y humedad controlada.<\/li>\n<li><strong>Variedad y a\u00f1ada<\/strong>: Cabernet 40%, merlot 35% tempranillo 17% y garnacha tinta 8%, a\u00f1ada 2022.<\/li>\n<li><strong>N\u00famero de botellas<\/strong>: 1.300 unidades<\/li>\n<li><strong>Viticultura <\/strong>sostenible y regenerativa sin t\u00f3xicos.<\/li>\n<li><strong>Tipo de suelo<\/strong>: Saul\u00f3 (franco-arenoso)<\/li>\n<li><strong>Grado alcoh\u00f3lico<\/strong>: 13,5% vol<\/li>\n<\/ul>\n<p>&nbsp;<\/p>\n","protected":false},"excerpt":{"rendered":"<p>Una selecci\u00f3n de nuestros mejores vi\u00f1edos situados en el Alt Maresme y que lleva el nombre de la monta\u00f1a m\u00e1s alta del valle antes de llegar al Montnegre.<br \/>\nUn tesoro del Maresme.<\/p>\n","protected":false},"featured_media":515,"template":"","meta":{"_acf_changed":false},"product_brand":[],"product_cat":[37],"product_tag":[],"class_list":{"0":"post-620","1":"product","2":"type-product","3":"status-publish","4":"has-post-thumbnail","6":"product_cat-tinto","8":"first","9":"instock","10":"taxable","11":"shipping-taxable","12":"purchasable","13":"product-type-simple"},"acf":[],"yoast_head":"<!-- This site is optimized with the Yoast SEO plugin v27.1.1 - https:\/\/yoast.com\/product\/yoast-seo-wordpress\/ -->\n<title>Montbrug\u00f3s &#039;22 - Vallalta Vin\u00edcola<\/title>\n<meta name=\"robots\" content=\"index, follow, max-snippet:-1, max-image-preview:large, max-video-preview:-1\" \/>\n<link rel=\"canonical\" href=\"https:\/\/vallaltavinicola.cat\/es\/producte\/montbrugos-22\/\" \/>\n<meta property=\"og:locale\" content=\"es_ES\" \/>\n<meta property=\"og:type\" content=\"article\" \/>\n<meta property=\"og:title\" content=\"Montbrug\u00f3s &#039;22 - Vallalta Vin\u00edcola\" \/>\n<meta property=\"og:description\" content=\"Una selecci\u00f3n de nuestros mejores vi\u00f1edos situados en el Alt Maresme y que lleva el nombre de la monta\u00f1a m\u00e1s alta del valle antes de llegar al Montnegre. Un tesoro del Maresme.\" \/>\n<meta property=\"og:url\" content=\"https:\/\/vallaltavinicola.cat\/es\/producte\/montbrugos-22\/\" \/>\n<meta property=\"og:site_name\" content=\"Vallalta Vin\u00edcola\" \/>\n<meta property=\"og:image\" content=\"https:\/\/vallaltavinicola.cat\/wp-content\/uploads\/2025\/06\/Vins-Vallalta-Vinicola-idili-grafic-Montbrugos.jpg\" \/>\n\t<meta property=\"og:image:width\" content=\"900\" \/>\n\t<meta property=\"og:image:height\" content=\"900\" \/>\n\t<meta property=\"og:image:type\" content=\"image\/jpeg\" \/>\n<meta name=\"twitter:card\" content=\"summary_large_image\" \/>\n<script type=\"application\/ld+json\" class=\"yoast-schema-graph\">{\"@context\":\"https:\/\/schema.org\",\"@graph\":[{\"@type\":\"WebPage\",\"@id\":\"https:\/\/vallaltavinicola.cat\/es\/producte\/montbrugos-22\/\",\"url\":\"https:\/\/vallaltavinicola.cat\/es\/producte\/montbrugos-22\/\",\"name\":\"Montbrug\u00f3s '22 - Vallalta Vin\u00edcola\",\"isPartOf\":{\"@id\":\"https:\/\/vallaltavinicola.cat\/es\/#website\"},\"primaryImageOfPage\":{\"@id\":\"https:\/\/vallaltavinicola.cat\/es\/producte\/montbrugos-22\/#primaryimage\"},\"image\":{\"@id\":\"https:\/\/vallaltavinicola.cat\/es\/producte\/montbrugos-22\/#primaryimage\"},\"thumbnailUrl\":\"https:\/\/vallaltavinicola.cat\/wp-content\/uploads\/2025\/06\/Vins-Vallalta-Vinicola-idili-grafic-Montbrugos.jpg\",\"datePublished\":\"2025-07-03T13:11:01+00:00\",\"breadcrumb\":{\"@id\":\"https:\/\/vallaltavinicola.cat\/es\/producte\/montbrugos-22\/#breadcrumb\"},\"inLanguage\":\"es\",\"potentialAction\":[{\"@type\":\"ReadAction\",\"target\":[\"https:\/\/vallaltavinicola.cat\/es\/producte\/montbrugos-22\/\"]}]},{\"@type\":\"ImageObject\",\"inLanguage\":\"es\",\"@id\":\"https:\/\/vallaltavinicola.cat\/es\/producte\/montbrugos-22\/#primaryimage\",\"url\":\"https:\/\/vallaltavinicola.cat\/wp-content\/uploads\/2025\/06\/Vins-Vallalta-Vinicola-idili-grafic-Montbrugos.jpg\",\"contentUrl\":\"https:\/\/vallaltavinicola.cat\/wp-content\/uploads\/2025\/06\/Vins-Vallalta-Vinicola-idili-grafic-Montbrugos.jpg\",\"width\":900,\"height\":900},{\"@type\":\"BreadcrumbList\",\"@id\":\"https:\/\/vallaltavinicola.cat\/es\/producte\/montbrugos-22\/#breadcrumb\",\"itemListElement\":[{\"@type\":\"ListItem\",\"position\":1,\"name\":\"Inici\",\"item\":\"https:\/\/vallaltavinicola.cat\/es\/inicio\/\"},{\"@type\":\"ListItem\",\"position\":2,\"name\":\"Tienda\",\"item\":\"https:\/\/vallaltavinicola.cat\/es\/tienda\/\"},{\"@type\":\"ListItem\",\"position\":3,\"name\":\"Montbrug\u00f3s &#8217;22\"}]},{\"@type\":\"WebSite\",\"@id\":\"https:\/\/vallaltavinicola.cat\/es\/#website\",\"url\":\"https:\/\/vallaltavinicola.cat\/es\/\",\"name\":\"Vallalta Vin\u00edcola\",\"description\":\"Artesans del vi i de la vinya de l&#039;Alt Maresme\",\"publisher\":{\"@id\":\"https:\/\/vallaltavinicola.cat\/es\/#organization\"},\"alternateName\":\"vallaltavinicola.cat\",\"potentialAction\":[{\"@type\":\"SearchAction\",\"target\":{\"@type\":\"EntryPoint\",\"urlTemplate\":\"https:\/\/vallaltavinicola.cat\/es\/?s={search_term_string}\"},\"query-input\":{\"@type\":\"PropertyValueSpecification\",\"valueRequired\":true,\"valueName\":\"search_term_string\"}}],\"inLanguage\":\"es\"},{\"@type\":\"Organization\",\"@id\":\"https:\/\/vallaltavinicola.cat\/es\/#organization\",\"name\":\"Vallalta Vin\u00edcola\",\"alternateName\":\"vallaltavinicola.cat\",\"url\":\"https:\/\/vallaltavinicola.cat\/es\/\",\"logo\":{\"@type\":\"ImageObject\",\"inLanguage\":\"es\",\"@id\":\"https:\/\/vallaltavinicola.cat\/es\/#\/schema\/logo\/image\/\",\"url\":\"https:\/\/vallaltavinicola.cat\/wp-content\/uploads\/2025\/06\/logo-vallalta-vinicola-idili-grafic.png\",\"contentUrl\":\"https:\/\/vallaltavinicola.cat\/wp-content\/uploads\/2025\/06\/logo-vallalta-vinicola-idili-grafic.png\",\"width\":550,\"height\":450,\"caption\":\"Vallalta Vin\u00edcola\"},\"image\":{\"@id\":\"https:\/\/vallaltavinicola.cat\/es\/#\/schema\/logo\/image\/\"},\"sameAs\":[\"https:\/\/www.instagram.com\/vallalta_vinicola\/\"]}]}<\/script>\n<!-- \/ Yoast SEO plugin. -->","yoast_head_json":{"title":"Montbrug\u00f3s '22 - Vallalta Vin\u00edcola","robots":{"index":"index","follow":"follow","max-snippet":"max-snippet:-1","max-image-preview":"max-image-preview:large","max-video-preview":"max-video-preview:-1"},"canonical":"https:\/\/vallaltavinicola.cat\/es\/producte\/montbrugos-22\/","og_locale":"es_ES","og_type":"article","og_title":"Montbrug\u00f3s '22 - Vallalta Vin\u00edcola","og_description":"Una selecci\u00f3n de nuestros mejores vi\u00f1edos situados en el Alt Maresme y que lleva el nombre de la monta\u00f1a m\u00e1s alta del valle antes de llegar al Montnegre. Un tesoro del Maresme.","og_url":"https:\/\/vallaltavinicola.cat\/es\/producte\/montbrugos-22\/","og_site_name":"Vallalta Vin\u00edcola","og_image":[{"width":900,"height":900,"url":"https:\/\/vallaltavinicola.cat\/wp-content\/uploads\/2025\/06\/Vins-Vallalta-Vinicola-idili-grafic-Montbrugos.jpg","type":"image\/jpeg"}],"twitter_card":"summary_large_image","schema":{"@context":"https:\/\/schema.org","@graph":[{"@type":"WebPage","@id":"https:\/\/vallaltavinicola.cat\/es\/producte\/montbrugos-22\/","url":"https:\/\/vallaltavinicola.cat\/es\/producte\/montbrugos-22\/","name":"Montbrug\u00f3s '22 - Vallalta Vin\u00edcola","isPartOf":{"@id":"https:\/\/vallaltavinicola.cat\/es\/#website"},"primaryImageOfPage":{"@id":"https:\/\/vallaltavinicola.cat\/es\/producte\/montbrugos-22\/#primaryimage"},"image":{"@id":"https:\/\/vallaltavinicola.cat\/es\/producte\/montbrugos-22\/#primaryimage"},"thumbnailUrl":"https:\/\/vallaltavinicola.cat\/wp-content\/uploads\/2025\/06\/Vins-Vallalta-Vinicola-idili-grafic-Montbrugos.jpg","datePublished":"2025-07-03T13:11:01+00:00","breadcrumb":{"@id":"https:\/\/vallaltavinicola.cat\/es\/producte\/montbrugos-22\/#breadcrumb"},"inLanguage":"es","potentialAction":[{"@type":"ReadAction","target":["https:\/\/vallaltavinicola.cat\/es\/producte\/montbrugos-22\/"]}]},{"@type":"ImageObject","inLanguage":"es","@id":"https:\/\/vallaltavinicola.cat\/es\/producte\/montbrugos-22\/#primaryimage","url":"https:\/\/vallaltavinicola.cat\/wp-content\/uploads\/2025\/06\/Vins-Vallalta-Vinicola-idili-grafic-Montbrugos.jpg","contentUrl":"https:\/\/vallaltavinicola.cat\/wp-content\/uploads\/2025\/06\/Vins-Vallalta-Vinicola-idili-grafic-Montbrugos.jpg","width":900,"height":900},{"@type":"BreadcrumbList","@id":"https:\/\/vallaltavinicola.cat\/es\/producte\/montbrugos-22\/#breadcrumb","itemListElement":[{"@type":"ListItem","position":1,"name":"Inici","item":"https:\/\/vallaltavinicola.cat\/es\/inicio\/"},{"@type":"ListItem","position":2,"name":"Tienda","item":"https:\/\/vallaltavinicola.cat\/es\/tienda\/"},{"@type":"ListItem","position":3,"name":"Montbrug\u00f3s &#8217;22"}]},{"@type":"WebSite","@id":"https:\/\/vallaltavinicola.cat\/es\/#website","url":"https:\/\/vallaltavinicola.cat\/es\/","name":"Vallalta Vin\u00edcola","description":"Artesans del vi i de la vinya de l&#039;Alt Maresme","publisher":{"@id":"https:\/\/vallaltavinicola.cat\/es\/#organization"},"alternateName":"vallaltavinicola.cat","potentialAction":[{"@type":"SearchAction","target":{"@type":"EntryPoint","urlTemplate":"https:\/\/vallaltavinicola.cat\/es\/?s={search_term_string}"},"query-input":{"@type":"PropertyValueSpecification","valueRequired":true,"valueName":"search_term_string"}}],"inLanguage":"es"},{"@type":"Organization","@id":"https:\/\/vallaltavinicola.cat\/es\/#organization","name":"Vallalta Vin\u00edcola","alternateName":"vallaltavinicola.cat","url":"https:\/\/vallaltavinicola.cat\/es\/","logo":{"@type":"ImageObject","inLanguage":"es","@id":"https:\/\/vallaltavinicola.cat\/es\/#\/schema\/logo\/image\/","url":"https:\/\/vallaltavinicola.cat\/wp-content\/uploads\/2025\/06\/logo-vallalta-vinicola-idili-grafic.png","contentUrl":"https:\/\/vallaltavinicola.cat\/wp-content\/uploads\/2025\/06\/logo-vallalta-vinicola-idili-grafic.png","width":550,"height":450,"caption":"Vallalta Vin\u00edcola"},"image":{"@id":"https:\/\/vallaltavinicola.cat\/es\/#\/schema\/logo\/image\/"},"sameAs":["https:\/\/www.instagram.com\/vallalta_vinicola\/"]}]}},"_links":{"self":[{"href":"https:\/\/vallaltavinicola.cat\/es\/wp-json\/wp\/v2\/product\/620","targetHints":{"allow":["GET"]}}],"collection":[{"href":"https:\/\/vallaltavinicola.cat\/es\/wp-json\/wp\/v2\/product"}],"about":[{"href":"https:\/\/vallaltavinicola.cat\/es\/wp-json\/wp\/v2\/types\/product"}],"wp:featuredmedia":[{"embeddable":true,"href":"https:\/\/vallaltavinicola.cat\/es\/wp-json\/wp\/v2\/media\/515"}],"wp:attachment":[{"href":"https:\/\/vallaltavinicola.cat\/es\/wp-json\/wp\/v2\/media?parent=620"}],"wp:term":[{"taxonomy":"product_brand","embeddable":true,"href":"https:\/\/vallaltavinicola.cat\/es\/wp-json\/wp\/v2\/product_brand?post=620"},{"taxonomy":"product_cat","embeddable":true,"href":"https:\/\/vallaltavinicola.cat\/es\/wp-json\/wp\/v2\/product_cat?post=620"},{"taxonomy":"product_tag","embeddable":true,"href":"https:\/\/vallaltavinicola.cat\/es\/wp-json\/wp\/v2\/product_tag?post=620"}],"curies":[{"name":"wp","href":"https:\/\/api.w.org\/{rel}","templated":true}]}}