{"id":619,"date":"2025-07-03T15:11:38","date_gmt":"2025-07-03T13:11:38","guid":{"rendered":"https:\/\/vallaltavinicola.cat\/producte\/flor-de-sant-joan-24\/"},"modified":"2025-07-03T15:11:38","modified_gmt":"2025-07-03T13:11:38","slug":"flor-de-sant-joan-24","status":"publish","type":"product","link":"https:\/\/vallaltavinicola.cat\/es\/producte\/flor-de-sant-joan-24\/","title":{"rendered":"Flor de Sant Joan &#8217;24"},"content":{"rendered":"<ul>\n<li><strong>Vendimia y elaboraci\u00f3n<\/strong>: vendimia seleccionando manualmente las uvas en cajas peque\u00f1as de menos de 19 kg. Fermentaci\u00f3n a temperatura controlada a 15\u00baC en dep\u00f3sito de inox de 600 litros, despu\u00e9s de desfangado de 36h. Espumoso de una sola fermentaci\u00f3n seguido el m\u00e9todo ancestral sin levaduras ni az\u00facares a\u00f1adidos ni filtrado.<\/li>\n<li><strong>Variedad y a\u00f1ada<\/strong>: Pasa blanca 100% a\u00f1ada 2024<\/li>\n<li><strong>Crianza<\/strong>: m\u00ednimo 9 meses en botella con l\u00edas.<\/li>\n<li><strong>N\u00famero de botellas<\/strong>: 900 unidades<\/li>\n<li><strong>Viticultura <\/strong>sostenible y regenerativa sin t\u00f3xicos.<\/li>\n<li><strong>Tipo de suelo<\/strong>: Saul\u00f3 (franco-arenoso)<\/li>\n<li><strong>Grado alcoh\u00f3lico<\/strong>: 11% vol<\/li>\n<\/ul>\n<p>&nbsp;<\/p>\n","protected":false},"excerpt":{"rendered":"<p>La Flor de San Juan o hip\u00e9rico nace en nuestros vi\u00f1edos donde practicamos la agricultura regenerativa indicando que llega el verano.<\/p>\n","protected":false},"featured_media":513,"template":"","meta":{"_acf_changed":false},"product_brand":[],"product_cat":[38],"product_tag":[],"class_list":{"0":"post-619","1":"product","2":"type-product","3":"status-publish","4":"has-post-thumbnail","6":"product_cat-espumoso","8":"first","9":"outofstock","10":"taxable","11":"shipping-taxable","12":"purchasable","13":"product-type-simple"},"acf":[],"yoast_head":"<!-- This site is optimized with the Yoast SEO plugin v27.1.1 - https:\/\/yoast.com\/product\/yoast-seo-wordpress\/ -->\n<title>Flor de Sant Joan &#039;24 - Vallalta Vin\u00edcola<\/title>\n<meta name=\"robots\" content=\"index, follow, max-snippet:-1, max-image-preview:large, max-video-preview:-1\" \/>\n<link rel=\"canonical\" href=\"https:\/\/vallaltavinicola.cat\/es\/producte\/flor-de-sant-joan-24\/\" \/>\n<meta property=\"og:locale\" content=\"es_ES\" \/>\n<meta property=\"og:type\" content=\"article\" \/>\n<meta property=\"og:title\" content=\"Flor de Sant Joan &#039;24 - Vallalta Vin\u00edcola\" \/>\n<meta property=\"og:description\" content=\"La Flor de San Juan o hip\u00e9rico nace en nuestros vi\u00f1edos donde practicamos la agricultura regenerativa indicando que llega el verano.\" \/>\n<meta property=\"og:url\" content=\"https:\/\/vallaltavinicola.cat\/es\/producte\/flor-de-sant-joan-24\/\" \/>\n<meta property=\"og:site_name\" content=\"Vallalta Vin\u00edcola\" \/>\n<meta property=\"og:image\" content=\"http:\/\/vallaltavinicola.cat\/wp-content\/uploads\/2025\/06\/Vins-Vallalta-Vinicola-idili-grafic-Flor-de-sant-joan.jpg\" \/>\n\t<meta property=\"og:image:width\" content=\"900\" \/>\n\t<meta property=\"og:image:height\" content=\"900\" \/>\n\t<meta property=\"og:image:type\" content=\"image\/jpeg\" \/>\n<meta name=\"twitter:card\" content=\"summary_large_image\" \/>\n<script type=\"application\/ld+json\" class=\"yoast-schema-graph\">{\"@context\":\"https:\/\/schema.org\",\"@graph\":[{\"@type\":\"WebPage\",\"@id\":\"https:\/\/vallaltavinicola.cat\/es\/producte\/flor-de-sant-joan-24\/\",\"url\":\"https:\/\/vallaltavinicola.cat\/es\/producte\/flor-de-sant-joan-24\/\",\"name\":\"Flor de Sant Joan '24 - Vallalta Vin\u00edcola\",\"isPartOf\":{\"@id\":\"https:\/\/vallaltavinicola.cat\/es\/#website\"},\"primaryImageOfPage\":{\"@id\":\"https:\/\/vallaltavinicola.cat\/es\/producte\/flor-de-sant-joan-24\/#primaryimage\"},\"image\":{\"@id\":\"https:\/\/vallaltavinicola.cat\/es\/producte\/flor-de-sant-joan-24\/#primaryimage\"},\"thumbnailUrl\":\"https:\/\/vallaltavinicola.cat\/wp-content\/uploads\/2025\/06\/Vins-Vallalta-Vinicola-idili-grafic-Flor-de-sant-joan.jpg\",\"datePublished\":\"2025-07-03T13:11:38+00:00\",\"breadcrumb\":{\"@id\":\"https:\/\/vallaltavinicola.cat\/es\/producte\/flor-de-sant-joan-24\/#breadcrumb\"},\"inLanguage\":\"es\",\"potentialAction\":[{\"@type\":\"ReadAction\",\"target\":[\"https:\/\/vallaltavinicola.cat\/es\/producte\/flor-de-sant-joan-24\/\"]}]},{\"@type\":\"ImageObject\",\"inLanguage\":\"es\",\"@id\":\"https:\/\/vallaltavinicola.cat\/es\/producte\/flor-de-sant-joan-24\/#primaryimage\",\"url\":\"https:\/\/vallaltavinicola.cat\/wp-content\/uploads\/2025\/06\/Vins-Vallalta-Vinicola-idili-grafic-Flor-de-sant-joan.jpg\",\"contentUrl\":\"https:\/\/vallaltavinicola.cat\/wp-content\/uploads\/2025\/06\/Vins-Vallalta-Vinicola-idili-grafic-Flor-de-sant-joan.jpg\",\"width\":900,\"height\":900},{\"@type\":\"BreadcrumbList\",\"@id\":\"https:\/\/vallaltavinicola.cat\/es\/producte\/flor-de-sant-joan-24\/#breadcrumb\",\"itemListElement\":[{\"@type\":\"ListItem\",\"position\":1,\"name\":\"Inici\",\"item\":\"https:\/\/vallaltavinicola.cat\/es\/inicio\/\"},{\"@type\":\"ListItem\",\"position\":2,\"name\":\"Tienda\",\"item\":\"https:\/\/vallaltavinicola.cat\/es\/tienda\/\"},{\"@type\":\"ListItem\",\"position\":3,\"name\":\"Flor de Sant Joan &#8217;24\"}]},{\"@type\":\"WebSite\",\"@id\":\"https:\/\/vallaltavinicola.cat\/es\/#website\",\"url\":\"https:\/\/vallaltavinicola.cat\/es\/\",\"name\":\"Vallalta Vin\u00edcola\",\"description\":\"Artesans del vi i de la vinya de l&#039;Alt Maresme\",\"publisher\":{\"@id\":\"https:\/\/vallaltavinicola.cat\/es\/#organization\"},\"alternateName\":\"vallaltavinicola.cat\",\"potentialAction\":[{\"@type\":\"SearchAction\",\"target\":{\"@type\":\"EntryPoint\",\"urlTemplate\":\"https:\/\/vallaltavinicola.cat\/es\/?s={search_term_string}\"},\"query-input\":{\"@type\":\"PropertyValueSpecification\",\"valueRequired\":true,\"valueName\":\"search_term_string\"}}],\"inLanguage\":\"es\"},{\"@type\":\"Organization\",\"@id\":\"https:\/\/vallaltavinicola.cat\/es\/#organization\",\"name\":\"Vallalta Vin\u00edcola\",\"alternateName\":\"vallaltavinicola.cat\",\"url\":\"https:\/\/vallaltavinicola.cat\/es\/\",\"logo\":{\"@type\":\"ImageObject\",\"inLanguage\":\"es\",\"@id\":\"https:\/\/vallaltavinicola.cat\/es\/#\/schema\/logo\/image\/\",\"url\":\"https:\/\/vallaltavinicola.cat\/wp-content\/uploads\/2025\/06\/logo-vallalta-vinicola-idili-grafic.png\",\"contentUrl\":\"https:\/\/vallaltavinicola.cat\/wp-content\/uploads\/2025\/06\/logo-vallalta-vinicola-idili-grafic.png\",\"width\":550,\"height\":450,\"caption\":\"Vallalta Vin\u00edcola\"},\"image\":{\"@id\":\"https:\/\/vallaltavinicola.cat\/es\/#\/schema\/logo\/image\/\"},\"sameAs\":[\"https:\/\/www.instagram.com\/vallalta_vinicola\/\"]}]}<\/script>\n<!-- \/ Yoast SEO plugin. -->","yoast_head_json":{"title":"Flor de Sant Joan '24 - Vallalta Vin\u00edcola","robots":{"index":"index","follow":"follow","max-snippet":"max-snippet:-1","max-image-preview":"max-image-preview:large","max-video-preview":"max-video-preview:-1"},"canonical":"https:\/\/vallaltavinicola.cat\/es\/producte\/flor-de-sant-joan-24\/","og_locale":"es_ES","og_type":"article","og_title":"Flor de Sant Joan '24 - Vallalta Vin\u00edcola","og_description":"La Flor de San Juan o hip\u00e9rico nace en nuestros vi\u00f1edos donde practicamos la agricultura regenerativa indicando que llega el verano.","og_url":"https:\/\/vallaltavinicola.cat\/es\/producte\/flor-de-sant-joan-24\/","og_site_name":"Vallalta Vin\u00edcola","og_image":[{"width":900,"height":900,"url":"http:\/\/vallaltavinicola.cat\/wp-content\/uploads\/2025\/06\/Vins-Vallalta-Vinicola-idili-grafic-Flor-de-sant-joan.jpg","type":"image\/jpeg"}],"twitter_card":"summary_large_image","schema":{"@context":"https:\/\/schema.org","@graph":[{"@type":"WebPage","@id":"https:\/\/vallaltavinicola.cat\/es\/producte\/flor-de-sant-joan-24\/","url":"https:\/\/vallaltavinicola.cat\/es\/producte\/flor-de-sant-joan-24\/","name":"Flor de Sant Joan '24 - Vallalta Vin\u00edcola","isPartOf":{"@id":"https:\/\/vallaltavinicola.cat\/es\/#website"},"primaryImageOfPage":{"@id":"https:\/\/vallaltavinicola.cat\/es\/producte\/flor-de-sant-joan-24\/#primaryimage"},"image":{"@id":"https:\/\/vallaltavinicola.cat\/es\/producte\/flor-de-sant-joan-24\/#primaryimage"},"thumbnailUrl":"https:\/\/vallaltavinicola.cat\/wp-content\/uploads\/2025\/06\/Vins-Vallalta-Vinicola-idili-grafic-Flor-de-sant-joan.jpg","datePublished":"2025-07-03T13:11:38+00:00","breadcrumb":{"@id":"https:\/\/vallaltavinicola.cat\/es\/producte\/flor-de-sant-joan-24\/#breadcrumb"},"inLanguage":"es","potentialAction":[{"@type":"ReadAction","target":["https:\/\/vallaltavinicola.cat\/es\/producte\/flor-de-sant-joan-24\/"]}]},{"@type":"ImageObject","inLanguage":"es","@id":"https:\/\/vallaltavinicola.cat\/es\/producte\/flor-de-sant-joan-24\/#primaryimage","url":"https:\/\/vallaltavinicola.cat\/wp-content\/uploads\/2025\/06\/Vins-Vallalta-Vinicola-idili-grafic-Flor-de-sant-joan.jpg","contentUrl":"https:\/\/vallaltavinicola.cat\/wp-content\/uploads\/2025\/06\/Vins-Vallalta-Vinicola-idili-grafic-Flor-de-sant-joan.jpg","width":900,"height":900},{"@type":"BreadcrumbList","@id":"https:\/\/vallaltavinicola.cat\/es\/producte\/flor-de-sant-joan-24\/#breadcrumb","itemListElement":[{"@type":"ListItem","position":1,"name":"Inici","item":"https:\/\/vallaltavinicola.cat\/es\/inicio\/"},{"@type":"ListItem","position":2,"name":"Tienda","item":"https:\/\/vallaltavinicola.cat\/es\/tienda\/"},{"@type":"ListItem","position":3,"name":"Flor de Sant Joan &#8217;24"}]},{"@type":"WebSite","@id":"https:\/\/vallaltavinicola.cat\/es\/#website","url":"https:\/\/vallaltavinicola.cat\/es\/","name":"Vallalta Vin\u00edcola","description":"Artesans del vi i de la vinya de l&#039;Alt Maresme","publisher":{"@id":"https:\/\/vallaltavinicola.cat\/es\/#organization"},"alternateName":"vallaltavinicola.cat","potentialAction":[{"@type":"SearchAction","target":{"@type":"EntryPoint","urlTemplate":"https:\/\/vallaltavinicola.cat\/es\/?s={search_term_string}"},"query-input":{"@type":"PropertyValueSpecification","valueRequired":true,"valueName":"search_term_string"}}],"inLanguage":"es"},{"@type":"Organization","@id":"https:\/\/vallaltavinicola.cat\/es\/#organization","name":"Vallalta Vin\u00edcola","alternateName":"vallaltavinicola.cat","url":"https:\/\/vallaltavinicola.cat\/es\/","logo":{"@type":"ImageObject","inLanguage":"es","@id":"https:\/\/vallaltavinicola.cat\/es\/#\/schema\/logo\/image\/","url":"https:\/\/vallaltavinicola.cat\/wp-content\/uploads\/2025\/06\/logo-vallalta-vinicola-idili-grafic.png","contentUrl":"https:\/\/vallaltavinicola.cat\/wp-content\/uploads\/2025\/06\/logo-vallalta-vinicola-idili-grafic.png","width":550,"height":450,"caption":"Vallalta Vin\u00edcola"},"image":{"@id":"https:\/\/vallaltavinicola.cat\/es\/#\/schema\/logo\/image\/"},"sameAs":["https:\/\/www.instagram.com\/vallalta_vinicola\/"]}]}},"_links":{"self":[{"href":"https:\/\/vallaltavinicola.cat\/es\/wp-json\/wp\/v2\/product\/619","targetHints":{"allow":["GET"]}}],"collection":[{"href":"https:\/\/vallaltavinicola.cat\/es\/wp-json\/wp\/v2\/product"}],"about":[{"href":"https:\/\/vallaltavinicola.cat\/es\/wp-json\/wp\/v2\/types\/product"}],"wp:featuredmedia":[{"embeddable":true,"href":"https:\/\/vallaltavinicola.cat\/es\/wp-json\/wp\/v2\/media\/513"}],"wp:attachment":[{"href":"https:\/\/vallaltavinicola.cat\/es\/wp-json\/wp\/v2\/media?parent=619"}],"wp:term":[{"taxonomy":"product_brand","embeddable":true,"href":"https:\/\/vallaltavinicola.cat\/es\/wp-json\/wp\/v2\/product_brand?post=619"},{"taxonomy":"product_cat","embeddable":true,"href":"https:\/\/vallaltavinicola.cat\/es\/wp-json\/wp\/v2\/product_cat?post=619"},{"taxonomy":"product_tag","embeddable":true,"href":"https:\/\/vallaltavinicola.cat\/es\/wp-json\/wp\/v2\/product_tag?post=619"}],"curies":[{"name":"wp","href":"https:\/\/api.w.org\/{rel}","templated":true}]}}