{"id":864,"date":"2025-12-21T07:05:14","date_gmt":"2025-12-21T06:05:14","guid":{"rendered":"https:\/\/vallaltavinicola.cat\/avis-legal\/"},"modified":"2025-12-21T07:06:45","modified_gmt":"2025-12-21T06:06:45","slug":"avis-legal","status":"publish","type":"page","link":"https:\/\/vallaltavinicola.cat\/es\/avis-legal\/","title":{"rendered":"Aviso legal"},"content":{"rendered":"\t\t<div data-elementor-type=\"wp-page\" data-elementor-id=\"864\" class=\"elementor elementor-864 elementor-858\" data-elementor-post-type=\"page\">\n\t\t\t\t<div class=\"elementor-element elementor-element-717e9dd5 e-flex e-con-boxed e-con e-parent\" data-id=\"717e9dd5\" data-element_type=\"container\">\n\t\t\t\t\t<div class=\"e-con-inner\">\n\t\t\t\t<div class=\"elementor-element elementor-element-6e94da6f elementor-widget elementor-widget-text-editor\" data-id=\"6e94da6f\" data-element_type=\"widget\" data-widget_type=\"text-editor.default\">\n\t\t\t\t<div class=\"elementor-widget-container\">\n\t\t\t\t\t\t\t\t\t\n<p><br><strong>AVISO LEGAL de https:\/\/vallaltavinicola.cat\/ Introducci\u00f3n<\/strong><br><br>En cumplimiento de la Ley 34\/2002, de 11 de julio, de Servicios de la Sociedad de la Informaci\u00f3n y de Comercio Electr\u00f3nico (LSSI-CE), BERNAT LLEIX\u00c0 PLANAS (VALLALTA VIN\u00cdCOLA) informa que es titular del sitio web. De acuerdo con la exigencia del art\u00edculo 10 de la citada Ley, BERNAT LLEIX\u00c0 PLANAS (VALLALTA VIN\u00cdCOLA) informa de los siguientes datos:  <\/p>\n\n\n\n<figure class=\"wp-block-table\"><table class=\"has-fixed-layout\"><tbody><tr><td><strong>RAZ\u00d3N SOCIAL&nbsp;<\/strong><\/td><td>BERNAT LLEIX\u00c0 PLANAS (VALLALTA VIN\u00cdCOLA)&nbsp;<\/td><\/tr><tr><td><strong>NIF&nbsp;<\/strong><\/td><td>43634136P&nbsp;<\/td><\/tr><tr><td><strong>DOMINIO&nbsp;<\/strong><\/td><td>https:\/\/vallaltavinicola.cat\/&nbsp;<\/td><\/tr><tr><td><strong>DIRECCI\u00d3N POSTAL&nbsp;<\/strong><\/td><td>C\/ SANTA VICT\u00d2RIA, 1,08395 SANT POL DE MAR(BARCELONA)&nbsp;<\/td><\/tr><tr><td><strong>DIRECCI\u00d3N ELECTR\u00d3NICA&nbsp;<\/strong><\/td><td>vallaltavins@gmail.com&nbsp;<\/td><\/tr><tr><td><strong>TEL\u00c9FONOS&nbsp;<\/strong><\/td><td>665580225&nbsp;<\/td><\/tr><\/tbody><\/table><\/figure>\n\n\n\n<p><strong>Usuario y r\u00e9gimen de responsabilidades <\/strong>La navegaci\u00f3n, acceso y uso por el sitio web de BERNAT LLEIX\u00c0 PLANAS (VALLALTA VIN\u00cdCOLA) confiere la condici\u00f3n de usuario. El sitio web de BERNAT LLEIX\u00c0 PLANAS (VALLALTA VIN\u00cdCOLA) proporciona gran diversidad de informaci\u00f3n, servicios y datos. El usuario asume su responsabilidad en el uso correcto del sitio web. Esta responsabilidad se extender\u00e1 a:   &nbsp;<\/p>\n\n\n\n<p>La veracidad y licitud de las informaciones aportadas por el usuario en los formularios extendidos por BERNAT LLEIX\u00c0 PLANAS (VALLALTA VIN\u00cdCOLA) para el acceso a ciertos contenidos o servicios ofrecidos por el web.&nbsp;<\/p>\n\n\n\n<p>El uso de la informaci\u00f3n, servicios y datos ofrecidos por BERNAT LLEIX\u00c0 PLANAS (VALLALTA VIN\u00cdCOLA) contrariamente a lo dispuesto por las presentes condiciones, la Ley, la moral, las buenas costumbres o el orden p\u00fablico, o que de cualquier otro modo puedan suponer lesi\u00f3n de los derechos de terceros o del mismo funcionamiento del sitio web.&nbsp;<\/p>\n\n\n\n<p><strong>Pol\u00edtica de enlaces y exenciones de responsabilidad <\/strong>BERNAT LLEIX\u00c0 PLANAS (VALLALTA VIN\u00cdCOLA) no se hace responsable del contenido de los sitios web a los que el usuario pueda acceder a trav\u00e9s de los enlaces establecidos en su sitio web, siempre que no tenga conocimiento efectivo de que la actividad o la informaci\u00f3n a la que remite o recomienda es il\u00edcita o de que lesiona bienes o derechos de un tercero susceptibles de indemnizaci\u00f3n, o, en caso de tenerlo, act\u00fae con diligencia para suprimir o inutilizar el enlace correspondiente.&nbsp;<\/p>\n\n\n\n<p>Se entender\u00e1 que BERNAT LLEIX\u00c0 PLANAS (VALLALTA VIN\u00cdCOLA) tiene el conocimiento efectivo a que se refiere el p\u00e1rrafo anterior cuando un \u00f3rgano competente haya declarado la ilicitud de los datos,&nbsp;<\/p>\n\n\n\n<p>ordenado su retirada o que se imposibilite el acceso a los mismos, o se hubiera declarado la existencia de la lesi\u00f3n, y BERNAT LLEIX\u00c0 PLANAS (VALLALTA VIN\u00cdCOLA) conociera la correspondiente resoluci\u00f3n, sin perjuicio de los procedimientos de detecci\u00f3n y retirada de contenidos que BERNAT LLEIX\u00c0 PLANAS (VALLALTA VIN\u00cdCOLA) aplique en virtud de acuerdos voluntarios y de otros medios de conocimiento efectivo que pudieran establecerse. BERNAT LLEIX\u00c0 PLANAS (VALLALTA VIN\u00cdCOLA) declara haber adoptado todas las medidas necesarias para evitar cualquier da\u00f1o a los usuarios de su sitio web, que pudieran derivarse de la navegaci\u00f3n por su sitio web. En consecuencia, BERNAT LLEIX\u00c0 PLANAS (VALLALTA VIN\u00cdCOLA) no se hace responsable, en ning\u00fan caso, de los eventuales da\u00f1os que por la navegaci\u00f3n por Internet pudiera sufrir el usuario. Asimismo, tampoco garantizar\u00e1 la disponibilidad t\u00e9cnica, exactitud, veracidad, validez o legalidad de sitios ajenos a su propiedad a los que se pueda acceder por medio de los enlaces. <strong>Modificaciones <\/strong>BERNAT LLEIX\u00c0 PLANAS (VALLALTA VIN\u00cdCOLA) se reserva la facultad de efectuar, en cualquier momento y sin necesidad de previo aviso, modificaciones y actualizaciones de la informaci\u00f3n contenida en su sitio web o en la configuraci\u00f3n y presentaci\u00f3n de esta. Con objeto de mantener actualizada la informaci\u00f3n publicada, los contenidos del mismo podr\u00e1n ser modificados, corregidos, eliminados o a\u00f1adidos en cualquier momento, por cualquier forma admisible en derecho. <strong>Indicaci\u00f3n de precios <\/strong>En caso de que se muestren precios de productos y\/o servicios, los indicados en pantalla ser\u00e1n los vigentes en cada momento. Los precios ser\u00e1n indicados en euros y tendr\u00e1n incorporado el Impuesto sobre el Valor A\u00f1adido (IVA). En caso de que no se incorpore el IVA en el precio, se indicar\u00e1 de manera expresa y se permitir\u00e1 al usuario visualizar el precio final completo. Asimismo, si fuera aplicable cualquier otro impuesto, as\u00ed se indicar\u00eda, incluyendo, en su caso, el importe de los incrementos o descuentos que sean de aplicaci\u00f3n a la oferta y los gastos adicionales que puedan repercutir al consumidor o usuario. <strong>Propiedad intelectual e industrial <\/strong>BERNAT LLEIX\u00c0 PLANAS (VALLALTA VIN\u00cdCOLA) por s\u00ed misma o como cesionaria, es titular de todos los derechos de propiedad intelectual e industrial de su p\u00e1gina web, as\u00ed como de los elementos contenidos en la misma (a t\u00edtulo enunciativo, im\u00e1genes, sonido, audio, v\u00eddeo, software o textos; marcas o logotipos, combinaciones de colores, estructura y dise\u00f1o, selecci\u00f3n de materiales usados, programas de ordenador necesarios para su funcionamiento, acceso y uso, etc.), titularidad de BERNAT LLEIX\u00c0 PLANAS (VALLALTA VIN\u00cdCOLA). Ser\u00e1n, por consiguiente, obras protegidas como propiedad intelectual por el ordenamiento jur\u00eddico espa\u00f1ol, si\u00e9ndoles aplicables tanto la normativa espa\u00f1ola y comunitaria en este campo, como los tratados internacionales relativos a la materia y suscritos por Espa\u00f1a. Todos los derechos reservados. En virtud de lo dispuesto en la Ley de Propiedad Intelectual, quedan expresamente prohibidas la reproducci\u00f3n, la distribuci\u00f3n y la comunicaci\u00f3n p\u00fablica, incluida su modalidad de puesta a disposici\u00f3n, de la totalidad o parte de los contenidos de esta p\u00e1gina web, con fines comerciales, en cualquier soporte y por cualquier medio t\u00e9cnico, sin la autorizaci\u00f3n de BERNAT LLEIX\u00c0 PLANAS (VALLALTA VIN\u00cdCOLA). El usuario se compromete a respetar los derechos de Propiedad Intelectual e Industrial titularidad de BERNAT LLEIX\u00c0 PLANAS (VALLALTA VIN\u00cdCOLA).             Podr\u00e1 visualizar los elementos del portal e incluso imprimirlos, copiarlos y almacenarlos en el disco duro de su ordenador o en cualquier otro soporte f\u00edsico siempre y cuando sea, \u00fanica y exclusivamente, para su uso personal y privado. El usuario deber\u00e1 abstenerse de suprimir, alterar, eludir o manipular cualquier dispositivo de protecci\u00f3n o sistema de seguridad que estuviera instalado en las p\u00e1ginas de BERNAT LLEIX\u00c0 PLANAS (VALLALTA VIN\u00cdCOLA).  <strong>Certificado SSL (secure sockets layer)&nbsp;<\/strong><\/p>\n\n\n\n<p>El CERTIFICADO SSL proporciona autenticaci\u00f3n, privacidad y seguridad de la informaci\u00f3n entre BERNAT LLEIX\u00c0 PLANAS (VALLALTA VIN\u00cdCOLA) y el usuario. BERNAT LLEIX\u00c0 PLANAS (VALLALTA VIN\u00cdCOLA) dispone de un certificado de seguridad que se utiliza por CERTIFICADO SSL para realizar conexiones seguras. En este proceso se establecen varios par\u00e1metros para realizar la conexi\u00f3n de forma segura y se establece usando llaves preestablecidas, codificando y descodificando todos los datos enviados hasta que la conexi\u00f3n sea cerrada. <strong>Acciones legales, legislaci\u00f3n aplicable y jurisdicci\u00f3n <\/strong>Si el usuario desea presentar una reclamaci\u00f3n, deber\u00e1 contactar mediante el correo electr\u00f3nico vallaltavins@gmail.com. Asimismo, BERNAT LLEIX\u00c0 PLANAS (VALLALTA VIN\u00cdCOLA) dispone de hojas oficiales de reclamaci\u00f3n a disposici\u00f3n de los consumidores y usuarios. BERNAT LLEIX\u00c0 PLANAS (VALLALTA VIN\u00cdCOLA) se reserva la facultad de presentar las acciones civiles o penales que considere oportunas por la utilizaci\u00f3n indebida de su sitio web y contenidos, o por el incumplimiento de las presentes condiciones. La relaci\u00f3n entre el usuario y el prestador se regir\u00e1 por la normativa vigente y de aplicaci\u00f3n en el territorio espa\u00f1ol. De surgir cualquier controversia las partes podr\u00e1n someter sus conflictos a arbitraje o acudir a la jurisdicci\u00f3n ordinaria cumpliendo con las normas sobre jurisdicci\u00f3n y competencia al respecto. Los contratos celebrados por v\u00eda electr\u00f3nica en los que intervenga como parte un consumidor, se presumir\u00e1n celebrados en el lugar en que \u00e9ste tenga su residencia habitual. Los contratos electr\u00f3nicos entre empresarios o profesionales, en defecto de pacto entre las partes, se presumir\u00e1n celebrados en el lugar en que est\u00e9 establecido el prestador de servicios. <strong>\u00daltima actualizaci\u00f3n: <\/strong>19 de diciembre de 2025        &nbsp;<\/p>\n\n\n\n<p><strong>4.5.&nbsp;<\/strong><\/p>\n\t\t\t\t\t\t\t\t<\/div>\n\t\t\t\t<\/div>\n\t\t\t\t\t<\/div>\n\t\t\t\t<\/div>\n\t\t\t\t<\/div>\n\t\t","protected":false},"excerpt":{"rendered":"<p>AVISO LEGAL de https:\/\/vallaltavinicola.cat\/ Introducci\u00f3n En cumplimiento de la Ley 34\/2002, de 11 de julio, de Servicios de la Sociedad de la Informaci\u00f3n y de Comercio Electr\u00f3nico (LSSI-CE), BERNAT LLEIX\u00c0 PLANAS (VALLALTA VIN\u00cdCOLA) informa que es titular del sitio web. De acuerdo con la exigencia del art\u00edculo 10 de la citada Ley, BERNAT LLEIX\u00c0 PLANAS &#8230; <a title=\"Aviso legal\" class=\"read-more\" href=\"https:\/\/vallaltavinicola.cat\/es\/avis-legal\/\" aria-label=\"Leer m\u00e1s sobre Aviso legal\">Leer m\u00e1s<\/a><\/p>\n","protected":false},"author":1,"featured_media":0,"parent":0,"menu_order":0,"comment_status":"closed","ping_status":"closed","template":"elementor_header_footer","meta":{"_acf_changed":false,"footnotes":""},"class_list":["post-864","page","type-page","status-publish"],"acf":[],"yoast_head":"<!-- This site is optimized with the Yoast SEO plugin v27.1.1 - https:\/\/yoast.com\/product\/yoast-seo-wordpress\/ -->\n<title>Aviso legal - Vallalta Vin\u00edcola<\/title>\n<meta name=\"robots\" content=\"index, follow, max-snippet:-1, max-image-preview:large, max-video-preview:-1\" \/>\n<link rel=\"canonical\" href=\"https:\/\/vallaltavinicola.cat\/es\/avis-legal\/\" \/>\n<meta property=\"og:locale\" content=\"es_ES\" \/>\n<meta property=\"og:type\" content=\"article\" \/>\n<meta property=\"og:title\" content=\"Aviso legal - Vallalta Vin\u00edcola\" \/>\n<meta property=\"og:description\" content=\"AVISO LEGAL de https:\/\/vallaltavinicola.cat\/ Introducci\u00f3n En cumplimiento de la Ley 34\/2002, de 11 de julio, de Servicios de la Sociedad de la Informaci\u00f3n y de Comercio Electr\u00f3nico (LSSI-CE), BERNAT LLEIX\u00c0 PLANAS (VALLALTA VIN\u00cdCOLA) informa que es titular del sitio web. De acuerdo con la exigencia del art\u00edculo 10 de la citada Ley, BERNAT LLEIX\u00c0 PLANAS ... Leer m\u00e1s\" \/>\n<meta property=\"og:url\" content=\"https:\/\/vallaltavinicola.cat\/es\/avis-legal\/\" \/>\n<meta property=\"og:site_name\" content=\"Vallalta Vin\u00edcola\" \/>\n<meta property=\"article:modified_time\" content=\"2025-12-21T06:06:45+00:00\" \/>\n<meta property=\"og:image\" content=\"https:\/\/vallaltavinicola.cat\/wp-content\/uploads\/2025\/07\/empenta.jpg\" \/>\n\t<meta property=\"og:image:width\" content=\"773\" \/>\n\t<meta property=\"og:image:height\" content=\"773\" \/>\n\t<meta property=\"og:image:type\" content=\"image\/jpeg\" \/>\n<meta name=\"twitter:card\" content=\"summary_large_image\" \/>\n<meta name=\"twitter:label1\" content=\"Tiempo de lectura\" \/>\n\t<meta name=\"twitter:data1\" content=\"7 minutos\" \/>\n<script type=\"application\/ld+json\" class=\"yoast-schema-graph\">{\"@context\":\"https:\/\/schema.org\",\"@graph\":[{\"@type\":\"WebPage\",\"@id\":\"https:\/\/vallaltavinicola.cat\/es\/avis-legal\/\",\"url\":\"https:\/\/vallaltavinicola.cat\/es\/avis-legal\/\",\"name\":\"Aviso legal - Vallalta Vin\u00edcola\",\"isPartOf\":{\"@id\":\"https:\/\/vallaltavinicola.cat\/es\/#website\"},\"datePublished\":\"2025-12-21T06:05:14+00:00\",\"dateModified\":\"2025-12-21T06:06:45+00:00\",\"breadcrumb\":{\"@id\":\"https:\/\/vallaltavinicola.cat\/es\/avis-legal\/#breadcrumb\"},\"inLanguage\":\"es\",\"potentialAction\":[{\"@type\":\"ReadAction\",\"target\":[\"https:\/\/vallaltavinicola.cat\/es\/avis-legal\/\"]}]},{\"@type\":\"BreadcrumbList\",\"@id\":\"https:\/\/vallaltavinicola.cat\/es\/avis-legal\/#breadcrumb\",\"itemListElement\":[{\"@type\":\"ListItem\",\"position\":1,\"name\":\"Inici\",\"item\":\"https:\/\/vallaltavinicola.cat\/es\/inicio\/\"},{\"@type\":\"ListItem\",\"position\":2,\"name\":\"Aviso legal\"}]},{\"@type\":\"WebSite\",\"@id\":\"https:\/\/vallaltavinicola.cat\/es\/#website\",\"url\":\"https:\/\/vallaltavinicola.cat\/es\/\",\"name\":\"Vallalta Vin\u00edcola\",\"description\":\"Artesans del vi i de la vinya de l&#039;Alt Maresme\",\"publisher\":{\"@id\":\"https:\/\/vallaltavinicola.cat\/es\/#organization\"},\"alternateName\":\"vallaltavinicola.cat\",\"potentialAction\":[{\"@type\":\"SearchAction\",\"target\":{\"@type\":\"EntryPoint\",\"urlTemplate\":\"https:\/\/vallaltavinicola.cat\/es\/?s={search_term_string}\"},\"query-input\":{\"@type\":\"PropertyValueSpecification\",\"valueRequired\":true,\"valueName\":\"search_term_string\"}}],\"inLanguage\":\"es\"},{\"@type\":\"Organization\",\"@id\":\"https:\/\/vallaltavinicola.cat\/es\/#organization\",\"name\":\"Vallalta Vin\u00edcola\",\"alternateName\":\"vallaltavinicola.cat\",\"url\":\"https:\/\/vallaltavinicola.cat\/es\/\",\"logo\":{\"@type\":\"ImageObject\",\"inLanguage\":\"es\",\"@id\":\"https:\/\/vallaltavinicola.cat\/es\/#\/schema\/logo\/image\/\",\"url\":\"https:\/\/vallaltavinicola.cat\/wp-content\/uploads\/2025\/06\/logo-vallalta-vinicola-idili-grafic.png\",\"contentUrl\":\"https:\/\/vallaltavinicola.cat\/wp-content\/uploads\/2025\/06\/logo-vallalta-vinicola-idili-grafic.png\",\"width\":550,\"height\":450,\"caption\":\"Vallalta Vin\u00edcola\"},\"image\":{\"@id\":\"https:\/\/vallaltavinicola.cat\/es\/#\/schema\/logo\/image\/\"},\"sameAs\":[\"https:\/\/www.instagram.com\/vallalta_vinicola\/\"]}]}<\/script>\n<!-- \/ Yoast SEO plugin. -->","yoast_head_json":{"title":"Aviso legal - Vallalta Vin\u00edcola","robots":{"index":"index","follow":"follow","max-snippet":"max-snippet:-1","max-image-preview":"max-image-preview:large","max-video-preview":"max-video-preview:-1"},"canonical":"https:\/\/vallaltavinicola.cat\/es\/avis-legal\/","og_locale":"es_ES","og_type":"article","og_title":"Aviso legal - Vallalta Vin\u00edcola","og_description":"AVISO LEGAL de https:\/\/vallaltavinicola.cat\/ Introducci\u00f3n En cumplimiento de la Ley 34\/2002, de 11 de julio, de Servicios de la Sociedad de la Informaci\u00f3n y de Comercio Electr\u00f3nico (LSSI-CE), BERNAT LLEIX\u00c0 PLANAS (VALLALTA VIN\u00cdCOLA) informa que es titular del sitio web. De acuerdo con la exigencia del art\u00edculo 10 de la citada Ley, BERNAT LLEIX\u00c0 PLANAS ... Leer m\u00e1s","og_url":"https:\/\/vallaltavinicola.cat\/es\/avis-legal\/","og_site_name":"Vallalta Vin\u00edcola","article_modified_time":"2025-12-21T06:06:45+00:00","og_image":[{"width":773,"height":773,"url":"https:\/\/vallaltavinicola.cat\/wp-content\/uploads\/2025\/07\/empenta.jpg","type":"image\/jpeg"}],"twitter_card":"summary_large_image","twitter_misc":{"Tiempo de lectura":"7 minutos"},"schema":{"@context":"https:\/\/schema.org","@graph":[{"@type":"WebPage","@id":"https:\/\/vallaltavinicola.cat\/es\/avis-legal\/","url":"https:\/\/vallaltavinicola.cat\/es\/avis-legal\/","name":"Aviso legal - Vallalta Vin\u00edcola","isPartOf":{"@id":"https:\/\/vallaltavinicola.cat\/es\/#website"},"datePublished":"2025-12-21T06:05:14+00:00","dateModified":"2025-12-21T06:06:45+00:00","breadcrumb":{"@id":"https:\/\/vallaltavinicola.cat\/es\/avis-legal\/#breadcrumb"},"inLanguage":"es","potentialAction":[{"@type":"ReadAction","target":["https:\/\/vallaltavinicola.cat\/es\/avis-legal\/"]}]},{"@type":"BreadcrumbList","@id":"https:\/\/vallaltavinicola.cat\/es\/avis-legal\/#breadcrumb","itemListElement":[{"@type":"ListItem","position":1,"name":"Inici","item":"https:\/\/vallaltavinicola.cat\/es\/inicio\/"},{"@type":"ListItem","position":2,"name":"Aviso legal"}]},{"@type":"WebSite","@id":"https:\/\/vallaltavinicola.cat\/es\/#website","url":"https:\/\/vallaltavinicola.cat\/es\/","name":"Vallalta Vin\u00edcola","description":"Artesans del vi i de la vinya de l&#039;Alt Maresme","publisher":{"@id":"https:\/\/vallaltavinicola.cat\/es\/#organization"},"alternateName":"vallaltavinicola.cat","potentialAction":[{"@type":"SearchAction","target":{"@type":"EntryPoint","urlTemplate":"https:\/\/vallaltavinicola.cat\/es\/?s={search_term_string}"},"query-input":{"@type":"PropertyValueSpecification","valueRequired":true,"valueName":"search_term_string"}}],"inLanguage":"es"},{"@type":"Organization","@id":"https:\/\/vallaltavinicola.cat\/es\/#organization","name":"Vallalta Vin\u00edcola","alternateName":"vallaltavinicola.cat","url":"https:\/\/vallaltavinicola.cat\/es\/","logo":{"@type":"ImageObject","inLanguage":"es","@id":"https:\/\/vallaltavinicola.cat\/es\/#\/schema\/logo\/image\/","url":"https:\/\/vallaltavinicola.cat\/wp-content\/uploads\/2025\/06\/logo-vallalta-vinicola-idili-grafic.png","contentUrl":"https:\/\/vallaltavinicola.cat\/wp-content\/uploads\/2025\/06\/logo-vallalta-vinicola-idili-grafic.png","width":550,"height":450,"caption":"Vallalta Vin\u00edcola"},"image":{"@id":"https:\/\/vallaltavinicola.cat\/es\/#\/schema\/logo\/image\/"},"sameAs":["https:\/\/www.instagram.com\/vallalta_vinicola\/"]}]}},"_links":{"self":[{"href":"https:\/\/vallaltavinicola.cat\/es\/wp-json\/wp\/v2\/pages\/864","targetHints":{"allow":["GET"]}}],"collection":[{"href":"https:\/\/vallaltavinicola.cat\/es\/wp-json\/wp\/v2\/pages"}],"about":[{"href":"https:\/\/vallaltavinicola.cat\/es\/wp-json\/wp\/v2\/types\/page"}],"author":[{"embeddable":true,"href":"https:\/\/vallaltavinicola.cat\/es\/wp-json\/wp\/v2\/users\/1"}],"replies":[{"embeddable":true,"href":"https:\/\/vallaltavinicola.cat\/es\/wp-json\/wp\/v2\/comments?post=864"}],"version-history":[{"count":2,"href":"https:\/\/vallaltavinicola.cat\/es\/wp-json\/wp\/v2\/pages\/864\/revisions"}],"predecessor-version":[{"id":868,"href":"https:\/\/vallaltavinicola.cat\/es\/wp-json\/wp\/v2\/pages\/864\/revisions\/868"}],"wp:attachment":[{"href":"https:\/\/vallaltavinicola.cat\/es\/wp-json\/wp\/v2\/media?parent=864"}],"curies":[{"name":"wp","href":"https:\/\/api.w.org\/{rel}","templated":true}]}}