{"id":581,"date":"2025-06-23T16:46:11","date_gmt":"2025-06-23T14:46:11","guid":{"rendered":"https:\/\/vallaltavinicola.cat\/proyecto\/"},"modified":"2025-08-12T08:37:23","modified_gmt":"2025-08-12T06:37:23","slug":"proyecto","status":"publish","type":"page","link":"https:\/\/vallaltavinicola.cat\/es\/proyecto\/","title":{"rendered":"Proyecto"},"content":{"rendered":"\t\t<div data-elementor-type=\"wp-page\" data-elementor-id=\"581\" class=\"elementor elementor-581 elementor-24\" data-elementor-post-type=\"page\">\n\t\t\t\t<div class=\"elementor-element elementor-element-dfa8c88 e-flex e-con-boxed e-con e-parent\" data-id=\"dfa8c88\" data-element_type=\"container\" data-settings=\"{&quot;background_background&quot;:&quot;classic&quot;}\">\n\t\t\t\t\t<div class=\"e-con-inner\">\n\t\t\t\t<div class=\"elementor-element elementor-element-ddcfefc elementor-widget elementor-widget-heading\" data-id=\"ddcfefc\" data-element_type=\"widget\" data-widget_type=\"heading.default\">\n\t\t\t\t<div class=\"elementor-widget-container\">\n\t\t\t\t\t<h2 class=\"elementor-heading-title elementor-size-default\">Proyecto<\/h2>\t\t\t\t<\/div>\n\t\t\t\t<\/div>\n\t\t\t\t\t<\/div>\n\t\t\t\t<\/div>\n\t\t<div class=\"elementor-element elementor-element-9775871 e-flex e-con-boxed e-con e-parent\" data-id=\"9775871\" data-element_type=\"container\">\n\t\t\t\t\t<div class=\"e-con-inner\">\n\t\t<div class=\"elementor-element elementor-element-a8202df e-con-full e-flex e-con e-child\" data-id=\"a8202df\" data-element_type=\"container\">\n\t\t\t\t<div class=\"elementor-element elementor-element-4476651 elementor-widget__width-initial elementor-widget elementor-widget-heading\" data-id=\"4476651\" data-element_type=\"widget\" data-widget_type=\"heading.default\">\n\t\t\t\t<div class=\"elementor-widget-container\">\n\t\t\t\t\t<h2 class=\"elementor-heading-title elementor-size-default\">Una bodega arraigada en la tierra, con la mirada puesta en la excelencia.<\/h2>\t\t\t\t<\/div>\n\t\t\t\t<\/div>\n\t\t\t\t<div class=\"elementor-element elementor-element-8b4bcd6 elementor-widget elementor-widget-text-editor\" data-id=\"8b4bcd6\" data-element_type=\"widget\" data-widget_type=\"text-editor.default\">\n\t\t\t\t<div class=\"elementor-widget-container\">\n\t\t\t\t\t\t\t\t\t<p>En Vallalta Vin\u00edcola elaboramos vinos con alma, con pasi\u00f3n por el oficio y con un profundo compromiso con la calidad. Somos una peque\u00f1a bodega familiar ubicada en el coraz\u00f3n de la Vallalta, donde el mar y la monta\u00f1a se encuentran para dar vida a un territorio \u00fanico gobernado por el sabl\u00f3n y mimado por la brisa marina.<\/p>\n<p>Creemos que la tierra es un tesoro que no nos pertenece s\u00f3lo a nosotros, sino que tenemos el deber de cuidarla y preservarla para las futuras generaciones y todos los seres que la habitan. Por eso, desde nuestros inicios hemos apostado por la agricultura regenerativa, un modelo que nos permite trabajar en armon\u00eda con la naturaleza, mejorando la salud del suelo, fomentando la biodiversidad y reduciendo el impacto ambiental.<\/p>\n<p>En Vallalta Vin\u00edcola no s\u00f3lo venimos a hacer vino, sino a compartir una forma de entenderlo y de vivir. Por eso abrimos las puertas de la bodega a todos aquellos que quieran descubrir, probar y vivir la esencia de este rinc\u00f3n del mundo a trav\u00e9s del vino.<\/p>\t\t\t\t\t\t\t\t<\/div>\n\t\t\t\t<\/div>\n\t\t\t\t<div class=\"elementor-element elementor-element-0840191 elementor-widget-divider--view-line elementor-widget elementor-widget-divider\" data-id=\"0840191\" data-element_type=\"widget\" data-widget_type=\"divider.default\">\n\t\t\t\t<div class=\"elementor-widget-container\">\n\t\t\t\t\t\t\t<div class=\"elementor-divider\">\n\t\t\t<span class=\"elementor-divider-separator\">\n\t\t\t\t\t\t<\/span>\n\t\t<\/div>\n\t\t\t\t\t\t<\/div>\n\t\t\t\t<\/div>\n\t\t\t\t<div class=\"elementor-element elementor-element-a2b300f elementor-widget__width-initial elementor-widget elementor-widget-heading\" data-id=\"a2b300f\" data-element_type=\"widget\" data-widget_type=\"heading.default\">\n\t\t\t\t<div class=\"elementor-widget-container\">\n\t\t\t\t\t<h2 class=\"elementor-heading-title elementor-size-default\">Sea bienvenido y bienvenido a Vallalta Vin\u00edcola.<\/h2>\t\t\t\t<\/div>\n\t\t\t\t<\/div>\n\t\t\t\t<div class=\"elementor-element elementor-element-89e942e elementor-widget-divider--view-line elementor-widget elementor-widget-divider\" data-id=\"89e942e\" data-element_type=\"widget\" data-widget_type=\"divider.default\">\n\t\t\t\t<div class=\"elementor-widget-container\">\n\t\t\t\t\t\t\t<div class=\"elementor-divider\">\n\t\t\t<span class=\"elementor-divider-separator\">\n\t\t\t\t\t\t<\/span>\n\t\t<\/div>\n\t\t\t\t\t\t<\/div>\n\t\t\t\t<\/div>\n\t\t\t\t<\/div>\n\t\t\t\t\t<\/div>\n\t\t\t\t<\/div>\n\t\t<div class=\"elementor-element elementor-element-31ccf53 e-flex e-con-boxed e-con e-parent\" data-id=\"31ccf53\" data-element_type=\"container\">\n\t\t\t\t\t<div class=\"e-con-inner\">\n\t\t\t\t<div class=\"elementor-element elementor-element-ab17b69 elementor-grid-tablet-1 elementor-grid-3 elementor-grid-mobile-1 elementor-widget elementor-widget-loop-grid\" data-id=\"ab17b69\" data-element_type=\"widget\" data-settings=\"{&quot;template_id&quot;:585,&quot;columns_tablet&quot;:1,&quot;_skin&quot;:&quot;post&quot;,&quot;columns&quot;:&quot;3&quot;,&quot;columns_mobile&quot;:&quot;1&quot;,&quot;edit_handle_selector&quot;:&quot;[data-elementor-type=\\&quot;loop-item\\&quot;]&quot;,&quot;row_gap&quot;:{&quot;unit&quot;:&quot;px&quot;,&quot;size&quot;:&quot;&quot;,&quot;sizes&quot;:[]},&quot;row_gap_tablet&quot;:{&quot;unit&quot;:&quot;px&quot;,&quot;size&quot;:&quot;&quot;,&quot;sizes&quot;:[]},&quot;row_gap_mobile&quot;:{&quot;unit&quot;:&quot;px&quot;,&quot;size&quot;:&quot;&quot;,&quot;sizes&quot;:[]}}\" data-widget_type=\"loop-grid.post\">\n\t\t\t\t<div class=\"elementor-widget-container\">\n\t\t\t\t\t\t\t<div class=\"elementor-loop-container elementor-grid\" role=\"list\">\n\t\t<style id=\"loop-dynamic-585\">.e-loop-item-624 .elementor-element.elementor-element-e001ba4:not(.elementor-motion-effects-element-type-background), .e-loop-item-624 .elementor-element.elementor-element-e001ba4 > .elementor-motion-effects-container > .elementor-motion-effects-layer{background-image:url(\"https:\/\/vallaltavinicola.cat\/wp-content\/uploads\/2025\/06\/Captura-de-pantalla-2025-06-25-a-las-11.48.15.png\");}<\/style><style id=\"loop-585\">.elementor-585 .elementor-element.elementor-element-e001ba4{--display:flex;--min-height:245px;}.elementor-585 .elementor-element.elementor-element-e001ba4:not(.elementor-motion-effects-element-type-background), .elementor-585 .elementor-element.elementor-element-e001ba4 > .elementor-motion-effects-container > .elementor-motion-effects-layer{background-position:center center;background-repeat:no-repeat;background-size:cover;}.elementor-585 .elementor-element.elementor-element-cf2ed40{--display:flex;--gap:15px 15px;--row-gap:15px;--column-gap:15px;--padding-top:15px;--padding-bottom:15px;--padding-left:15px;--padding-right:15px;}.elementor-widget-theme-post-title .elementor-heading-title{font-family:var( --e-global-typography-primary-font-family ), Sans-serif;font-weight:var( --e-global-typography-primary-font-weight );color:var( --e-global-color-primary );}.elementor-585 .elementor-element.elementor-element-f87b51e{text-align:left;}.elementor-585 .elementor-element.elementor-element-f87b51e .elementor-heading-title{font-family:\"Manrope\", Sans-serif;font-size:25px;font-weight:700;text-transform:uppercase;color:var( --e-global-color-secondary );}.elementor-widget-divider{--divider-color:var( --e-global-color-secondary );}.elementor-widget-divider .elementor-divider__text{color:var( --e-global-color-secondary );font-family:var( --e-global-typography-secondary-font-family ), Sans-serif;font-weight:var( --e-global-typography-secondary-font-weight );}.elementor-widget-divider.elementor-view-stacked .elementor-icon{background-color:var( --e-global-color-secondary );}.elementor-widget-divider.elementor-view-framed .elementor-icon, .elementor-widget-divider.elementor-view-default .elementor-icon{color:var( --e-global-color-secondary );border-color:var( --e-global-color-secondary );}.elementor-widget-divider.elementor-view-framed .elementor-icon, .elementor-widget-divider.elementor-view-default .elementor-icon svg{fill:var( --e-global-color-secondary );}.elementor-585 .elementor-element.elementor-element-d2a1d57{--divider-border-style:solid;--divider-color:#000;--divider-border-width:1px;}.elementor-585 .elementor-element.elementor-element-d2a1d57 .elementor-divider-separator{width:100%;}.elementor-585 .elementor-element.elementor-element-d2a1d57 .elementor-divider{padding-block-start:2px;padding-block-end:2px;}.elementor-widget-theme-post-content{color:var( --e-global-color-text );font-family:var( --e-global-typography-text-font-family ), Sans-serif;font-weight:var( --e-global-typography-text-font-weight );}<\/style>\t\t<div data-elementor-type=\"loop-item\" data-elementor-id=\"585\" class=\"elementor elementor-585 elementor-279 e-loop-item e-loop-item-624 post-624 destacat type-destacat status-publish has-post-thumbnail hentry\" data-elementor-post-type=\"elementor_library\" data-custom-edit-handle=\"1\">\n\t\t\t<div class=\"elementor-element elementor-element-e001ba4 e-flex e-con-boxed e-con e-parent\" data-id=\"e001ba4\" data-element_type=\"container\" data-settings=\"{&quot;background_background&quot;:&quot;classic&quot;}\">\n\t\t\t\t\t<div class=\"e-con-inner\">\n\t\t\t\t\t<\/div>\n\t\t\t\t<\/div>\n\t\t<div class=\"elementor-element elementor-element-cf2ed40 e-flex e-con-boxed e-con e-parent\" data-id=\"cf2ed40\" data-element_type=\"container\">\n\t\t\t\t\t<div class=\"e-con-inner\">\n\t\t\t\t<div class=\"elementor-element elementor-element-f87b51e elementor-widget elementor-widget-theme-post-title elementor-page-title elementor-widget-heading\" data-id=\"f87b51e\" data-element_type=\"widget\" data-widget_type=\"theme-post-title.default\">\n\t\t\t\t<div class=\"elementor-widget-container\">\n\t\t\t\t\t<h1 class=\"elementor-heading-title elementor-size-default\">Elaboraci\u00f3n de nuestros vinos<\/h1>\t\t\t\t<\/div>\n\t\t\t\t<\/div>\n\t\t\t\t<div class=\"elementor-element elementor-element-d2a1d57 elementor-widget-divider--view-line elementor-widget elementor-widget-divider\" data-id=\"d2a1d57\" data-element_type=\"widget\" data-widget_type=\"divider.default\">\n\t\t\t\t<div class=\"elementor-widget-container\">\n\t\t\t\t\t\t\t<div class=\"elementor-divider\">\n\t\t\t<span class=\"elementor-divider-separator\">\n\t\t\t\t\t\t<\/span>\n\t\t<\/div>\n\t\t\t\t\t\t<\/div>\n\t\t\t\t<\/div>\n\t\t\t\t<div class=\"elementor-element elementor-element-061aded elementor-widget elementor-widget-theme-post-content\" data-id=\"061aded\" data-element_type=\"widget\" data-widget_type=\"theme-post-content.default\">\n\t\t\t\t<div class=\"elementor-widget-container\">\n\t\t\t\t\t\n<p>Peque\u00f1as producciones, con una selecci\u00f3n manual de las uvas y un proceso artesanal que respeta el ritmo de la naturaleza y la expresi\u00f3n del territorio. Cada paso, desde la cepa hasta la botella, se da con cuidado y conciencia. Porque creemos que son las peque\u00f1as decisiones las que construyen grandes vinos: honestos, vivos y con alma.<\/p>\n\t\t\t\t<\/div>\n\t\t\t\t<\/div>\n\t\t\t\t\t<\/div>\n\t\t\t\t<\/div>\n\t\t\t\t<\/div>\n\t\t<style id=\"loop-dynamic-585\">.e-loop-item-627 .elementor-element.elementor-element-e001ba4:not(.elementor-motion-effects-element-type-background), .e-loop-item-627 .elementor-element.elementor-element-e001ba4 > .elementor-motion-effects-container > .elementor-motion-effects-layer{background-image:url(\"https:\/\/vallaltavinicola.cat\/wp-content\/uploads\/2025\/06\/Home_Foto.jpg\");}<\/style>\t\t<div data-elementor-type=\"loop-item\" data-elementor-id=\"585\" class=\"elementor elementor-585 elementor-279 e-loop-item e-loop-item-627 post-627 destacat type-destacat status-publish has-post-thumbnail hentry\" data-elementor-post-type=\"elementor_library\" data-custom-edit-handle=\"1\">\n\t\t\t<div class=\"elementor-element elementor-element-e001ba4 e-flex e-con-boxed e-con e-parent\" data-id=\"e001ba4\" data-element_type=\"container\" data-settings=\"{&quot;background_background&quot;:&quot;classic&quot;}\">\n\t\t\t\t\t<div class=\"e-con-inner\">\n\t\t\t\t\t<\/div>\n\t\t\t\t<\/div>\n\t\t<div class=\"elementor-element elementor-element-cf2ed40 e-flex e-con-boxed e-con e-parent\" data-id=\"cf2ed40\" data-element_type=\"container\">\n\t\t\t\t\t<div class=\"e-con-inner\">\n\t\t\t\t<div class=\"elementor-element elementor-element-f87b51e elementor-widget elementor-widget-theme-post-title elementor-page-title elementor-widget-heading\" data-id=\"f87b51e\" data-element_type=\"widget\" data-widget_type=\"theme-post-title.default\">\n\t\t\t\t<div class=\"elementor-widget-container\">\n\t\t\t\t\t<h1 class=\"elementor-heading-title elementor-size-default\">Compromiso con la agricultura regenerativa<\/h1>\t\t\t\t<\/div>\n\t\t\t\t<\/div>\n\t\t\t\t<div class=\"elementor-element elementor-element-d2a1d57 elementor-widget-divider--view-line elementor-widget elementor-widget-divider\" data-id=\"d2a1d57\" data-element_type=\"widget\" data-widget_type=\"divider.default\">\n\t\t\t\t<div class=\"elementor-widget-container\">\n\t\t\t\t\t\t\t<div class=\"elementor-divider\">\n\t\t\t<span class=\"elementor-divider-separator\">\n\t\t\t\t\t\t<\/span>\n\t\t<\/div>\n\t\t\t\t\t\t<\/div>\n\t\t\t\t<\/div>\n\t\t\t\t<div class=\"elementor-element elementor-element-061aded elementor-widget elementor-widget-theme-post-content\" data-id=\"061aded\" data-element_type=\"widget\" data-widget_type=\"theme-post-content.default\">\n\t\t\t\t<div class=\"elementor-widget-container\">\n\t\t\t\t\t\n<p>Cultivamos bajo criterios de Agricultura Regenerativa, implementando pr\u00e1cticas sostenibles que promueven la salud del suelo, la biodiversidad y el equilibrio de los ecosistemas. Estamos certificados por el sello de Producci\u00f3n Agraria Ecol\u00f3gica (CCPAE), reafirmando nuestro compromiso con un vino aut\u00e9ntico, saludable y respetuoso con el territorio.<\/p>\n\t\t\t\t<\/div>\n\t\t\t\t<\/div>\n\t\t\t\t\t<\/div>\n\t\t\t\t<\/div>\n\t\t\t\t<\/div>\n\t\t<style id=\"loop-dynamic-585\">.e-loop-item-628 .elementor-element.elementor-element-e001ba4:not(.elementor-motion-effects-element-type-background), .e-loop-item-628 .elementor-element.elementor-element-e001ba4 > .elementor-motion-effects-container > .elementor-motion-effects-layer{background-image:url(\"https:\/\/vallaltavinicola.cat\/wp-content\/uploads\/2025\/06\/Captura-de-pantalla-2025-06-25-a-las-11.48.22.png\");}<\/style>\t\t<div data-elementor-type=\"loop-item\" data-elementor-id=\"585\" class=\"elementor elementor-585 elementor-279 e-loop-item e-loop-item-628 post-628 destacat type-destacat status-publish has-post-thumbnail hentry\" data-elementor-post-type=\"elementor_library\" data-custom-edit-handle=\"1\">\n\t\t\t<div class=\"elementor-element elementor-element-e001ba4 e-flex e-con-boxed e-con e-parent\" data-id=\"e001ba4\" data-element_type=\"container\" data-settings=\"{&quot;background_background&quot;:&quot;classic&quot;}\">\n\t\t\t\t\t<div class=\"e-con-inner\">\n\t\t\t\t\t<\/div>\n\t\t\t\t<\/div>\n\t\t<div class=\"elementor-element elementor-element-cf2ed40 e-flex e-con-boxed e-con e-parent\" data-id=\"cf2ed40\" data-element_type=\"container\">\n\t\t\t\t\t<div class=\"e-con-inner\">\n\t\t\t\t<div class=\"elementor-element elementor-element-f87b51e elementor-widget elementor-widget-theme-post-title elementor-page-title elementor-widget-heading\" data-id=\"f87b51e\" data-element_type=\"widget\" data-widget_type=\"theme-post-title.default\">\n\t\t\t\t<div class=\"elementor-widget-container\">\n\t\t\t\t\t<h1 class=\"elementor-heading-title elementor-size-default\">La uva y los vi\u00f1edos<\/h1>\t\t\t\t<\/div>\n\t\t\t\t<\/div>\n\t\t\t\t<div class=\"elementor-element elementor-element-d2a1d57 elementor-widget-divider--view-line elementor-widget elementor-widget-divider\" data-id=\"d2a1d57\" data-element_type=\"widget\" data-widget_type=\"divider.default\">\n\t\t\t\t<div class=\"elementor-widget-container\">\n\t\t\t\t\t\t\t<div class=\"elementor-divider\">\n\t\t\t<span class=\"elementor-divider-separator\">\n\t\t\t\t\t\t<\/span>\n\t\t<\/div>\n\t\t\t\t\t\t<\/div>\n\t\t\t\t<\/div>\n\t\t\t\t<div class=\"elementor-element elementor-element-061aded elementor-widget elementor-widget-theme-post-content\" data-id=\"061aded\" data-element_type=\"widget\" data-widget_type=\"theme-post-content.default\">\n\t\t\t\t<div class=\"elementor-widget-container\">\n\t\t\t\t\t\n<p>Nuestra uva proviene de vi\u00f1edos propios, donde cuidamos cada cepa para garantizar una expresi\u00f3n varietal genuina. Los vi\u00f1edos est\u00e1n integrados en un entorno natural privilegiado de una tierra con tradici\u00f3n vit\u00edcola milenaria.<\/p>\n\t\t\t\t<\/div>\n\t\t\t\t<\/div>\n\t\t\t\t\t<\/div>\n\t\t\t\t<\/div>\n\t\t\t\t<\/div>\n\t\t\t\t<\/div>\n\t\t\n\t\t\t\t\t\t<\/div>\n\t\t\t\t<\/div>\n\t\t\t\t\t<\/div>\n\t\t\t\t<\/div>\n\t\t\t\t<\/div>\n\t\t","protected":false},"excerpt":{"rendered":"<p>Una bodega arraigada en la tierra, con la mirada puesta en la excelencia. En Vallalta Vin\u00edcola elaboramos vinos con alma, con pasi\u00f3n por el oficio y con un profundo compromiso con la calidad. Somos una peque\u00f1a bodega familiar ubicada en el coraz\u00f3n de la Vallalta, donde el mar y la monta\u00f1a se encuentran para dar &#8230; <a title=\"La uva y los vi\u00f1edos\" class=\"read-more\" href=\"https:\/\/vallaltavinicola.cat\/es\/destacat\/la-uva-y-los-vinedos\/\" aria-label=\"Leer m\u00e1s sobre La uva y los vi\u00f1edos\">Leer m\u00e1s<\/a><\/p>\n","protected":false},"author":1,"featured_media":0,"parent":0,"menu_order":0,"comment_status":"closed","ping_status":"closed","template":"elementor_header_footer","meta":{"_acf_changed":false,"footnotes":""},"class_list":["post-581","page","type-page","status-publish","hentry"],"acf":[],"yoast_head":"<!-- This site is optimized with the Yoast SEO plugin v27.1.1 - https:\/\/yoast.com\/product\/yoast-seo-wordpress\/ -->\n<title>Proyecto - Vallalta Vin\u00edcola<\/title>\n<meta name=\"robots\" content=\"index, follow, max-snippet:-1, max-image-preview:large, max-video-preview:-1\" \/>\n<link rel=\"canonical\" href=\"https:\/\/vallaltavinicola.cat\/es\/proyecto\/\" \/>\n<meta property=\"og:locale\" content=\"es_ES\" \/>\n<meta property=\"og:type\" content=\"article\" \/>\n<meta property=\"og:title\" content=\"Proyecto - Vallalta Vin\u00edcola\" \/>\n<meta property=\"og:description\" content=\"Una bodega arraigada en la tierra, con la mirada puesta en la excelencia. En Vallalta Vin\u00edcola elaboramos vinos con alma, con pasi\u00f3n por el oficio y con un profundo compromiso con la calidad. Somos una peque\u00f1a bodega familiar ubicada en el coraz\u00f3n de la Vallalta, donde el mar y la monta\u00f1a se encuentran para dar ... Leer m\u00e1s\" \/>\n<meta property=\"og:url\" content=\"https:\/\/vallaltavinicola.cat\/es\/proyecto\/\" \/>\n<meta property=\"og:site_name\" content=\"Vallalta Vin\u00edcola\" \/>\n<meta property=\"article:modified_time\" content=\"2025-08-12T06:37:23+00:00\" \/>\n<meta property=\"og:image\" content=\"https:\/\/vallaltavinicola.cat\/wp-content\/uploads\/2025\/07\/empenta.jpg\" \/>\n\t<meta property=\"og:image:width\" content=\"773\" \/>\n\t<meta property=\"og:image:height\" content=\"773\" \/>\n\t<meta property=\"og:image:type\" content=\"image\/jpeg\" \/>\n<meta name=\"twitter:card\" content=\"summary_large_image\" \/>\n<meta name=\"twitter:label1\" content=\"Tiempo de lectura\" \/>\n\t<meta name=\"twitter:data1\" content=\"1 minuto\" \/>\n<script type=\"application\/ld+json\" class=\"yoast-schema-graph\">{\"@context\":\"https:\/\/schema.org\",\"@graph\":[{\"@type\":\"WebPage\",\"@id\":\"https:\/\/vallaltavinicola.cat\/es\/proyecto\/\",\"url\":\"https:\/\/vallaltavinicola.cat\/es\/proyecto\/\",\"name\":\"Proyecto - Vallalta Vin\u00edcola\",\"isPartOf\":{\"@id\":\"https:\/\/vallaltavinicola.cat\/es\/#website\"},\"datePublished\":\"2025-06-23T14:46:11+00:00\",\"dateModified\":\"2025-08-12T06:37:23+00:00\",\"breadcrumb\":{\"@id\":\"https:\/\/vallaltavinicola.cat\/es\/proyecto\/#breadcrumb\"},\"inLanguage\":\"es\",\"potentialAction\":[{\"@type\":\"ReadAction\",\"target\":[\"https:\/\/vallaltavinicola.cat\/es\/proyecto\/\"]}]},{\"@type\":\"BreadcrumbList\",\"@id\":\"https:\/\/vallaltavinicola.cat\/es\/proyecto\/#breadcrumb\",\"itemListElement\":[{\"@type\":\"ListItem\",\"position\":1,\"name\":\"Inici\",\"item\":\"https:\/\/vallaltavinicola.cat\/es\/inicio\/\"},{\"@type\":\"ListItem\",\"position\":2,\"name\":\"Proyecto\"}]},{\"@type\":\"WebSite\",\"@id\":\"https:\/\/vallaltavinicola.cat\/es\/#website\",\"url\":\"https:\/\/vallaltavinicola.cat\/es\/\",\"name\":\"Vallalta Vin\u00edcola\",\"description\":\"Artesans del vi i de la vinya de l&#039;Alt Maresme\",\"publisher\":{\"@id\":\"https:\/\/vallaltavinicola.cat\/es\/#organization\"},\"alternateName\":\"vallaltavinicola.cat\",\"potentialAction\":[{\"@type\":\"SearchAction\",\"target\":{\"@type\":\"EntryPoint\",\"urlTemplate\":\"https:\/\/vallaltavinicola.cat\/es\/?s={search_term_string}\"},\"query-input\":{\"@type\":\"PropertyValueSpecification\",\"valueRequired\":true,\"valueName\":\"search_term_string\"}}],\"inLanguage\":\"es\"},{\"@type\":\"Organization\",\"@id\":\"https:\/\/vallaltavinicola.cat\/es\/#organization\",\"name\":\"Vallalta Vin\u00edcola\",\"alternateName\":\"vallaltavinicola.cat\",\"url\":\"https:\/\/vallaltavinicola.cat\/es\/\",\"logo\":{\"@type\":\"ImageObject\",\"inLanguage\":\"es\",\"@id\":\"https:\/\/vallaltavinicola.cat\/es\/#\/schema\/logo\/image\/\",\"url\":\"https:\/\/vallaltavinicola.cat\/wp-content\/uploads\/2025\/06\/logo-vallalta-vinicola-idili-grafic.png\",\"contentUrl\":\"https:\/\/vallaltavinicola.cat\/wp-content\/uploads\/2025\/06\/logo-vallalta-vinicola-idili-grafic.png\",\"width\":550,\"height\":450,\"caption\":\"Vallalta Vin\u00edcola\"},\"image\":{\"@id\":\"https:\/\/vallaltavinicola.cat\/es\/#\/schema\/logo\/image\/\"},\"sameAs\":[\"https:\/\/www.instagram.com\/vallalta_vinicola\/\"]}]}<\/script>\n<!-- \/ Yoast SEO plugin. -->","yoast_head_json":{"title":"Proyecto - Vallalta Vin\u00edcola","robots":{"index":"index","follow":"follow","max-snippet":"max-snippet:-1","max-image-preview":"max-image-preview:large","max-video-preview":"max-video-preview:-1"},"canonical":"https:\/\/vallaltavinicola.cat\/es\/proyecto\/","og_locale":"es_ES","og_type":"article","og_title":"Proyecto - Vallalta Vin\u00edcola","og_description":"Una bodega arraigada en la tierra, con la mirada puesta en la excelencia. En Vallalta Vin\u00edcola elaboramos vinos con alma, con pasi\u00f3n por el oficio y con un profundo compromiso con la calidad. Somos una peque\u00f1a bodega familiar ubicada en el coraz\u00f3n de la Vallalta, donde el mar y la monta\u00f1a se encuentran para dar ... Leer m\u00e1s","og_url":"https:\/\/vallaltavinicola.cat\/es\/proyecto\/","og_site_name":"Vallalta Vin\u00edcola","article_modified_time":"2025-08-12T06:37:23+00:00","og_image":[{"width":773,"height":773,"url":"https:\/\/vallaltavinicola.cat\/wp-content\/uploads\/2025\/07\/empenta.jpg","type":"image\/jpeg"}],"twitter_card":"summary_large_image","twitter_misc":{"Tiempo de lectura":"1 minuto"},"schema":{"@context":"https:\/\/schema.org","@graph":[{"@type":"WebPage","@id":"https:\/\/vallaltavinicola.cat\/es\/proyecto\/","url":"https:\/\/vallaltavinicola.cat\/es\/proyecto\/","name":"Proyecto - Vallalta Vin\u00edcola","isPartOf":{"@id":"https:\/\/vallaltavinicola.cat\/es\/#website"},"datePublished":"2025-06-23T14:46:11+00:00","dateModified":"2025-08-12T06:37:23+00:00","breadcrumb":{"@id":"https:\/\/vallaltavinicola.cat\/es\/proyecto\/#breadcrumb"},"inLanguage":"es","potentialAction":[{"@type":"ReadAction","target":["https:\/\/vallaltavinicola.cat\/es\/proyecto\/"]}]},{"@type":"BreadcrumbList","@id":"https:\/\/vallaltavinicola.cat\/es\/proyecto\/#breadcrumb","itemListElement":[{"@type":"ListItem","position":1,"name":"Inici","item":"https:\/\/vallaltavinicola.cat\/es\/inicio\/"},{"@type":"ListItem","position":2,"name":"Proyecto"}]},{"@type":"WebSite","@id":"https:\/\/vallaltavinicola.cat\/es\/#website","url":"https:\/\/vallaltavinicola.cat\/es\/","name":"Vallalta Vin\u00edcola","description":"Artesans del vi i de la vinya de l&#039;Alt Maresme","publisher":{"@id":"https:\/\/vallaltavinicola.cat\/es\/#organization"},"alternateName":"vallaltavinicola.cat","potentialAction":[{"@type":"SearchAction","target":{"@type":"EntryPoint","urlTemplate":"https:\/\/vallaltavinicola.cat\/es\/?s={search_term_string}"},"query-input":{"@type":"PropertyValueSpecification","valueRequired":true,"valueName":"search_term_string"}}],"inLanguage":"es"},{"@type":"Organization","@id":"https:\/\/vallaltavinicola.cat\/es\/#organization","name":"Vallalta Vin\u00edcola","alternateName":"vallaltavinicola.cat","url":"https:\/\/vallaltavinicola.cat\/es\/","logo":{"@type":"ImageObject","inLanguage":"es","@id":"https:\/\/vallaltavinicola.cat\/es\/#\/schema\/logo\/image\/","url":"https:\/\/vallaltavinicola.cat\/wp-content\/uploads\/2025\/06\/logo-vallalta-vinicola-idili-grafic.png","contentUrl":"https:\/\/vallaltavinicola.cat\/wp-content\/uploads\/2025\/06\/logo-vallalta-vinicola-idili-grafic.png","width":550,"height":450,"caption":"Vallalta Vin\u00edcola"},"image":{"@id":"https:\/\/vallaltavinicola.cat\/es\/#\/schema\/logo\/image\/"},"sameAs":["https:\/\/www.instagram.com\/vallalta_vinicola\/"]}]}},"_links":{"self":[{"href":"https:\/\/vallaltavinicola.cat\/es\/wp-json\/wp\/v2\/pages\/581","targetHints":{"allow":["GET"]}}],"collection":[{"href":"https:\/\/vallaltavinicola.cat\/es\/wp-json\/wp\/v2\/pages"}],"about":[{"href":"https:\/\/vallaltavinicola.cat\/es\/wp-json\/wp\/v2\/types\/page"}],"author":[{"embeddable":true,"href":"https:\/\/vallaltavinicola.cat\/es\/wp-json\/wp\/v2\/users\/1"}],"replies":[{"embeddable":true,"href":"https:\/\/vallaltavinicola.cat\/es\/wp-json\/wp\/v2\/comments?post=581"}],"version-history":[{"count":3,"href":"https:\/\/vallaltavinicola.cat\/es\/wp-json\/wp\/v2\/pages\/581\/revisions"}],"predecessor-version":[{"id":626,"href":"https:\/\/vallaltavinicola.cat\/es\/wp-json\/wp\/v2\/pages\/581\/revisions\/626"}],"wp:attachment":[{"href":"https:\/\/vallaltavinicola.cat\/es\/wp-json\/wp\/v2\/media?parent=581"}],"curies":[{"name":"wp","href":"https:\/\/api.w.org\/{rel}","templated":true}]}}